{"id":911,"date":"2026-04-24T16:32:37","date_gmt":"2026-04-24T16:32:37","guid":{"rendered":"https:\/\/nexgat.com\/?page_id=911"},"modified":"2026-05-15T22:45:12","modified_gmt":"2026-05-15T22:45:12","slug":"soumission","status":"publish","type":"page","link":"https:\/\/nexgat.com\/?page_id=911","title":{"rendered":"Soumission"},"content":{"rendered":"<p>[et_pb_section fb_built=\u00a0\u00bb1&Prime; module_id=\u00a0\u00bbsoumission\u00a0\u00bb _builder_version=\u00a0\u00bb4.27.6&Prime; _module_preset=\u00a0\u00bbdefault\u00a0\u00bb background_color=\u00a0\u00bb#0F0122&Prime; global_colors_info=\u00a0\u00bb{}\u00a0\u00bb][et_pb_row _builder_version=\u00a0\u00bb4.27.6&Prime; _module_preset=\u00a0\u00bbdefault\u00a0\u00bb background_color=\u00a0\u00bb#FFFFFF\u00a0\u00bb custom_margin=\u00a0\u00bb-86px|auto||auto||\u00a0\u00bb global_colors_info=\u00a0\u00bb{}\u00a0\u00bb][et_pb_column type=\u00a0\u00bb4_4&Prime; _builder_version=\u00a0\u00bb4.27.6&Prime; _module_preset=\u00a0\u00bbdefault\u00a0\u00bb global_colors_info=\u00a0\u00bb{}\u00a0\u00bb][et_pb_code _builder_version=\u00a0\u00bb4.27.6&Prime; _module_preset=\u00a0\u00bbdefault\u00a0\u00bb background_color=\u00a0\u00bbRGBA(255,255,255,0)\u00a0\u00bb border_color_all=\u00a0\u00bbRGBA(255,255,255,0)\u00a0\u00bb border_width_right=\u00a0\u00bb22px\u00a0\u00bb border_color_right=\u00a0\u00bbRGBA(255,255,255,0)\u00a0\u00bb border_width_left=\u00a0\u00bb22px\u00a0\u00bb border_color_left=\u00a0\u00bbRGBA(255,255,255,0)\u00a0\u00bb global_colors_info=\u00a0\u00bb{}\u00a0\u00bb]<style id=\"wpforms-css-vars-901\">\n\t\t\t\t#wpforms-901 {\n\t\t\t\t--wpforms-container-padding: 0px;\n--wpforms-container-border-width: 1px;\n--wpforms-container-border-radius: 3px;\n--wpforms-background-color: rgba(0, 0, 0, 0);\n--wpforms-field-size-input-height: 43px;\n--wpforms-field-size-input-spacing: 15px;\n--wpforms-field-size-font-size: 16px;\n--wpforms-field-size-line-height: 19px;\n--wpforms-field-size-padding-h: 14px;\n--wpforms-field-size-checkbox-size: 16px;\n--wpforms-field-size-sublabel-spacing: 5px;\n--wpforms-field-size-icon-size: 1;\n--wpforms-label-size-font-size: 16px;\n--wpforms-label-size-line-height: 19px;\n--wpforms-label-size-sublabel-font-size: 14px;\n--wpforms-label-size-sublabel-line-height: 17px;\n--wpforms-button-size-font-size: 17px;\n--wpforms-button-size-height: 41px;\n--wpforms-button-size-padding-h: 15px;\n--wpforms-button-size-margin-top: 10px;\n--wpforms-container-shadow-size-box-shadow: none;\n\t\t\t}\n\t\t\t<\/style><div class=\"wpforms-container wpforms-container-full wpforms-render-modern\" id=\"wpforms-901\"><form id=\"wpforms-form-901\" class=\"wpforms-validate wpforms-form wpforms-ajax-form\" data-formid=\"901\" method=\"post\" enctype=\"multipart\/form-data\" action=\"\/index.php?rest_route=%2Fwp%2Fv2%2Fpages%2F911\" data-token=\"03198236093ebab63307e128be64003e\" data-token-time=\"1778895490\"><noscript class=\"wpforms-error-noscript\">Please enable JavaScript in your browser to complete this form.<\/noscript><div id=\"wpforms-error-noscript\" style=\"display: none;\">Please enable JavaScript in your browser to complete this form.<\/div><div class=\"wpforms-field-container\"><div id=\"wpforms-901-field_1-container\" class=\"wpforms-field wpforms-field-text\" data-field-id=\"1\"><label class=\"wpforms-field-label\" for=\"wpforms-901-field_1\">Pr\u00e9nom, nom <span class=\"wpforms-required-label\" aria-hidden=\"true\">*<\/span><\/label><input type=\"text\" id=\"wpforms-901-field_1\" class=\"wpforms-field-medium wpforms-field-required\" name=\"wpforms[fields][1]\" aria-errormessage=\"wpforms-901-field_1-error\" required><\/div><div id=\"wpforms-901-field_17-container\" class=\"wpforms-field wpforms-field-text\" data-field-id=\"17\"><label class=\"wpforms-field-label\" for=\"wpforms-901-field_17\">Entreprise\/organisation<\/label><input type=\"text\" id=\"wpforms-901-field_17\" class=\"wpforms-field-medium\" name=\"wpforms[fields][17]\" aria-errormessage=\"wpforms-901-field_17-error\" ><\/div><div id=\"wpforms-901-field_21-container\" class=\"wpforms-field wpforms-field-text\" data-field-id=\"21\"><label class=\"wpforms-field-label\" for=\"wpforms-901-field_21\">T\u00e9l\u00e9phone <span class=\"wpforms-required-label\" aria-hidden=\"true\">*<\/span><\/label><input type=\"text\" id=\"wpforms-901-field_21\" class=\"wpforms-field-medium wpforms-field-required\" name=\"wpforms[fields][21]\" aria-errormessage=\"wpforms-901-field_21-error\" required><\/div><div id=\"wpforms-901-field_4-container\" class=\"wpforms-field wpforms-field-email\" data-field-id=\"4\"><label class=\"wpforms-field-label\" for=\"wpforms-901-field_4\">Courriel <span class=\"wpforms-required-label\" aria-hidden=\"true\">*<\/span><\/label><input type=\"email\" id=\"wpforms-901-field_4\" class=\"wpforms-field-medium wpforms-field-required\" name=\"wpforms[fields][4]\" spellcheck=\"false\" aria-errormessage=\"wpforms-901-field_4-error\" required><\/div><div id=\"wpforms-901-field_13-container\" class=\"wpforms-field wpforms-field-text\" data-field-id=\"13\"><label class=\"wpforms-field-label\" for=\"wpforms-901-field_13\">Adresse o\u00f9 se d\u00e9roulera l\u2019activit\u00e9 <span class=\"wpforms-required-label\" aria-hidden=\"true\">*<\/span><\/label><input type=\"text\" id=\"wpforms-901-field_13\" class=\"wpforms-field-medium wpforms-field-required\" name=\"wpforms[fields][13]\" aria-errormessage=\"wpforms-901-field_13-error\" required><\/div><div id=\"wpforms-901-field_14-container\" class=\"wpforms-field wpforms-field-text\" data-field-id=\"14\"><label class=\"wpforms-field-label\" for=\"wpforms-901-field_14\">Code postal o\u00f9 se d\u00e9roulera l\u2019activit\u00e9 <span class=\"wpforms-required-label\" aria-hidden=\"true\">*<\/span><\/label><input type=\"text\" id=\"wpforms-901-field_14\" class=\"wpforms-field-medium wpforms-field-required\" name=\"wpforms[fields][14]\" aria-errormessage=\"wpforms-901-field_14-error\" required><\/div><div id=\"wpforms-901-field_10-container\" class=\"wpforms-field wpforms-field-number\" data-field-id=\"10\"><label class=\"wpforms-field-label\" for=\"wpforms-901-field_10\">Nombre de participants pr\u00e9vus <span class=\"wpforms-required-label\" aria-hidden=\"true\">*<\/span><\/label><input type=\"number\" id=\"wpforms-901-field_10\" class=\"wpforms-field-medium wpforms-field-required\" name=\"wpforms[fields][10]\" step=\"any\" aria-errormessage=\"wpforms-901-field_10-error\" required><\/div><div id=\"wpforms-901-field_6-container\" class=\"wpforms-field wpforms-field-select wpforms-field-select-style-classic\" data-field-id=\"6\"><label class=\"wpforms-field-label\" for=\"wpforms-901-field_6\">Forfait <span class=\"wpforms-required-label\" aria-hidden=\"true\">*<\/span><\/label><select id=\"wpforms-901-field_6\" class=\"wpforms-field-medium wpforms-field-required\" name=\"wpforms[fields][6]\" required=\"required\"><option value=\"Station VR Mobile\"  class=\"choice-1 depth-1\"  >Station VR Mobile<\/option><option value=\"Plateforme KATVR\"  class=\"choice-2 depth-1\"  >Plateforme KATVR<\/option><\/select><\/div><div id=\"wpforms-901-field_28-container\" class=\"wpforms-field wpforms-field-select wpforms-field-select-style-classic\" data-field-id=\"28\"><label class=\"wpforms-field-label\" for=\"wpforms-901-field_28\">Dur\u00e9e <span class=\"wpforms-required-label\" aria-hidden=\"true\">*<\/span><\/label><select id=\"wpforms-901-field_28\" class=\"wpforms-field-medium wpforms-field-required\" name=\"wpforms[fields][28]\" required=\"required\"><option value=\"Moins de 24h\"  class=\"choice-1 depth-1\"  >Moins de 24h<\/option><option value=\"1 jour\"  class=\"choice-2 depth-1\"  >1 jour<\/option><option value=\"2 jours\"  class=\"choice-3 depth-1\"  >2 jours<\/option><option value=\"7 jours\"  class=\"choice-4 depth-1\"  >7 jours<\/option><option value=\"Autre\"  class=\"choice-5 depth-1\"  >Autre<\/option><\/select><\/div><div id=\"wpforms-901-field_20-container\" class=\"wpforms-field wpforms-field-text\" data-field-id=\"20\"><label class=\"wpforms-field-label\" for=\"wpforms-901-field_20\">Date de r\u00e9servation <span class=\"wpforms-required-label\" aria-hidden=\"true\">*<\/span><\/label><input type=\"text\" id=\"wpforms-901-field_20\" class=\"wpforms-field-medium wpforms-field-required\" name=\"wpforms[fields][20]\" aria-errormessage=\"wpforms-901-field_20-error\" aria-describedby=\"wpforms-901-field_20-description\" required><div id=\"wpforms-901-field_20-description\" class=\"wpforms-field-description\">Correspond \u00e0 la journ\u00e9e o\u00f9 notre \u00e9quipe viendra installer l\u2019\u00e9quipement. (ex: 16 avril 2018)<\/div><\/div><div id=\"wpforms-901-field_30-container\" class=\"wpforms-field wpforms-field-select wpforms-field-select-style-classic\" data-field-id=\"30\"><label class=\"wpforms-field-label\" for=\"wpforms-901-field_30\">Heure de livraison <span class=\"wpforms-required-label\" aria-hidden=\"true\">*<\/span><\/label><select id=\"wpforms-901-field_30\" class=\"wpforms-field-medium wpforms-field-required\" name=\"wpforms[fields][30]\" required=\"required\"><option value=\"8h00\"  class=\"choice-1 depth-1\"  >8h00<\/option><option value=\"8h30\"  class=\"choice-2 depth-1\"  >8h30<\/option><option value=\"9h00\"  class=\"choice-3 depth-1\"  >9h00<\/option><option value=\"9h30\"  class=\"choice-4 depth-1\"  >9h30<\/option><option value=\"10h00\"  class=\"choice-5 depth-1\"  >10h00<\/option><option value=\"13h00\"  class=\"choice-6 depth-1\"  >13h00<\/option><option value=\"13h30\"  class=\"choice-7 depth-1\"  >13h30<\/option><option value=\"14h00\"  class=\"choice-8 depth-1\"  >14h00<\/option><option value=\"14h30\"  class=\"choice-9 depth-1\"  >14h30<\/option><option value=\"15h00\"  class=\"choice-10 depth-1\"  >15h00<\/option><\/select><div id=\"wpforms-901-field_30-description\" class=\"wpforms-field-description\">Correspond \u00e0 l\u2019heure pr\u00e9vue de notre arriv\u00e9e sur place.<\/div><\/div>\t\t<div id=\"wpforms-901-field_2-container\"\n\t\t\tclass=\"wpforms-field wpforms-field-text\"\n\t\t\tdata-field-type=\"text\"\n\t\t\tdata-field-id=\"2\"\n\t\t\t>\n\t\t\t<label class=\"wpforms-field-label\" for=\"wpforms-901-field_2\" >d\u00e9roulera Nombre d\u00e9roulera<\/label>\n\t\t\t<input type=\"text\" id=\"wpforms-901-field_2\" class=\"wpforms-field-medium\" name=\"wpforms[fields][2]\" >\n\t\t<\/div>\n\t\t<div id=\"wpforms-901-field_23-container\" class=\"wpforms-field wpforms-field-text\" data-field-id=\"23\"><label class=\"wpforms-field-label\" for=\"wpforms-901-field_23\">Code promo<\/label><input type=\"text\" id=\"wpforms-901-field_23\" class=\"wpforms-field-medium\" name=\"wpforms[fields][23]\" aria-errormessage=\"wpforms-901-field_23-error\" aria-describedby=\"wpforms-901-field_23-description\" ><div id=\"wpforms-901-field_23-description\" class=\"wpforms-field-description\">Si vous avez un code promo, entrez-le ici.<\/div><\/div><div id=\"wpforms-901-field_11-container\" class=\"wpforms-field wpforms-field-textarea\" data-field-id=\"11\"><label class=\"wpforms-field-label\" for=\"wpforms-901-field_11\">Questions suppl\u00e9mentaires<\/label><textarea id=\"wpforms-901-field_11\" class=\"wpforms-field-medium\" name=\"wpforms[fields][11]\" aria-errormessage=\"wpforms-901-field_11-error\" ><\/textarea><\/div><script>\n\t\t\t\t( function() {\n\t\t\t\t\tconst style = document.createElement( 'style' );\n\t\t\t\t\tstyle.appendChild( document.createTextNode( '#wpforms-901-field_2-container { position: absolute !important; overflow: hidden !important; display: inline !important; height: 1px !important; width: 1px !important; z-index: -1000 !important; padding: 0 !important; } #wpforms-901-field_2-container input { visibility: hidden; } #wpforms-conversational-form-page #wpforms-901-field_2-container label { counter-increment: none; }' ) );\n\t\t\t\t\tdocument.head.appendChild( style );\n\t\t\t\t\tdocument.currentScript?.remove();\n\t\t\t\t} )();\n\t\t\t<\/script><\/div><!-- .wpforms-field-container --><div class=\"wpforms-submit-container\" ><input type=\"hidden\" name=\"wpforms[id]\" value=\"901\"><input type=\"hidden\" name=\"page_title\" value=\"\"><input type=\"hidden\" name=\"page_url\" value=\"https:\/\/nexgat.com\/index.php?rest_route=\/wp\/v2\/pages\/911\"><input type=\"hidden\" name=\"url_referer\" value=\"\"><button type=\"submit\" name=\"wpforms[submit]\" id=\"wpforms-submit-901\" class=\"wpforms-submit\" data-alt-text=\"Envoi...\" data-submit-text=\"Envoyez\" aria-live=\"assertive\" value=\"wpforms-submit\">Envoyez<\/button><img loading=\"lazy\" decoding=\"async\" src=\"https:\/\/nexgat.com\/wp-content\/plugins\/wpforms-lite\/assets\/images\/submit-spin.svg\" class=\"wpforms-submit-spinner\" style=\"display: none;\" width=\"26\" height=\"26\" alt=\"Loading\"><\/div><\/form><\/div>  <!-- .wpforms-container -->[\/et_pb_code][\/et_pb_column][\/et_pb_row][et_pb_row _builder_version=\u00a0\u00bb4.27.6&Prime; _module_preset=\u00a0\u00bbdefault\u00a0\u00bb global_colors_info=\u00a0\u00bb{}\u00a0\u00bb][et_pb_column type=\u00a0\u00bb4_4&Prime; _builder_version=\u00a0\u00bb4.27.6&Prime; _module_preset=\u00a0\u00bbdefault\u00a0\u00bb global_colors_info=\u00a0\u00bb{}\u00a0\u00bb][et_pb_code _builder_version=\u00a0\u00bb4.27.6&Prime; _module_preset=\u00a0\u00bbdefault\u00a0\u00bb text_orientation=\u00a0\u00bbcenter\u00a0\u00bb hover_enabled=\u00a0\u00bb0&Prime; global_colors_info=\u00a0\u00bb{}\u00a0\u00bb sticky_enabled=\u00a0\u00bb0&Prime;]<\/p>\n<div style=\"position:relative; padding-bottom:150%; height:0; overflow:hidden;\"><!-- [et_pb_line_break_holder] -->  <iframe <!-- [et_pb_line_break_holder] -->    src=\u00a0\u00bbhttps:\/\/calendar.google.com\/calendar\/embed?src=c_b0db22d4087687d7907b5e50c7826cc016d9828069ff3f8162f8f4a43f964d81%40group.calendar.google.com&#038;ctz=America%2FToronto&#038;mode=MONTH\u00a0\u00bb<!-- [et_pb_line_break_holder] -->    style=\u00a0\u00bbposition:absolute; top:0; left:0; width:100%; height:100%; border:0;\u00a0\u00bb<!-- [et_pb_line_break_holder] -->    frameborder=\u00a0\u00bb0&Prime;<!-- [et_pb_line_break_holder] -->    scrolling=\u00a0\u00bbno\u00a0\u00bb><!-- [et_pb_line_break_holder] -->  <\/iframe><!-- [et_pb_line_break_holder] --><\/div>\n<p>[\/et_pb_code][\/et_pb_column][\/et_pb_row][\/et_pb_section]<\/p>\n","protected":false},"excerpt":{"rendered":"<style id=\"wpforms-css-vars-901\">\n\t\t\t\t#wpforms-901 {\n\t\t\t\t--wpforms-container-padding: 0px;\n--wpforms-container-border-width: 1px;\n--wpforms-container-border-radius: 3px;\n--wpforms-background-color: rgba(0, 0, 0, 0);\n--wpforms-field-size-input-height: 43px;\n--wpforms-field-size-input-spacing: 15px;\n--wpforms-field-size-font-size: 16px;\n--wpforms-field-size-line-height: 19px;\n--wpforms-field-size-padding-h: 14px;\n--wpforms-field-size-checkbox-size: 16px;\n--wpforms-field-size-sublabel-spacing: 5px;\n--wpforms-field-size-icon-size: 1;\n--wpforms-label-size-font-size: 16px;\n--wpforms-label-size-line-height: 19px;\n--wpforms-label-size-sublabel-font-size: 14px;\n--wpforms-label-size-sublabel-line-height: 17px;\n--wpforms-button-size-font-size: 17px;\n--wpforms-button-size-height: 41px;\n--wpforms-button-size-padding-h: 15px;\n--wpforms-button-size-margin-top: 10px;\n--wpforms-container-shadow-size-box-shadow: none;\n\t\t\t}\n\t\t\t<\/style><div class=\"wpforms-container wpforms-container-full wpforms-render-modern\" id=\"wpforms-901\"><form id=\"wpforms-form-901\" class=\"wpforms-validate wpforms-form wpforms-ajax-form\" data-formid=\"901\" method=\"post\" enctype=\"multipart\/form-data\" action=\"\/index.php?rest_route=%2Fwp%2Fv2%2Fpages%2F911\" data-token=\"03198236093ebab63307e128be64003e\" data-token-time=\"1778895490\"><noscript class=\"wpforms-error-noscript\">Please enable JavaScript in your browser to complete this form.<\/noscript><div id=\"wpforms-error-noscript\" style=\"display: none;\">Please enable JavaScript in your browser to complete this form.<\/div><div class=\"wpforms-field-container\"><div id=\"wpforms-901-field_1-container\" class=\"wpforms-field wpforms-field-text\" data-field-id=\"1\"><label class=\"wpforms-field-label\" for=\"wpforms-901-field_1\">Pr\u00e9nom, nom <span class=\"wpforms-required-label\" aria-hidden=\"true\">*<\/span><\/label><input type=\"text\" id=\"wpforms-901-field_1\" class=\"wpforms-field-medium wpforms-field-required\" name=\"wpforms[fields][1]\" aria-errormessage=\"wpforms-901-field_1-error\" required><\/div>\t\t<div id=\"wpforms-901-field_2-container\"\n\t\t\tclass=\"wpforms-field wpforms-field-text\"\n\t\t\tdata-field-type=\"text\"\n\t\t\tdata-field-id=\"2\"\n\t\t\t>\n\t\t\t<label class=\"wpforms-field-label\" for=\"wpforms-901-field_2\" >Code pr\u00e9vus Nombre<\/label>\n\t\t\t<input type=\"text\" id=\"wpforms-901-field_2\" class=\"wpforms-field-medium\" name=\"wpforms[fields][2]\" >\n\t\t<\/div>\n\t\t<div id=\"wpforms-901-field_17-container\" class=\"wpforms-field wpforms-field-text\" data-field-id=\"17\"><label class=\"wpforms-field-label\" for=\"wpforms-901-field_17\">Entreprise\/organisation<\/label><input type=\"text\" id=\"wpforms-901-field_17\" class=\"wpforms-field-medium\" name=\"wpforms[fields][17]\" aria-errormessage=\"wpforms-901-field_17-error\" ><\/div><div id=\"wpforms-901-field_21-container\" class=\"wpforms-field wpforms-field-text\" data-field-id=\"21\"><label class=\"wpforms-field-label\" for=\"wpforms-901-field_21\">T\u00e9l\u00e9phone <span class=\"wpforms-required-label\" aria-hidden=\"true\">*<\/span><\/label><input type=\"text\" id=\"wpforms-901-field_21\" class=\"wpforms-field-medium wpforms-field-required\" name=\"wpforms[fields][21]\" aria-errormessage=\"wpforms-901-field_21-error\" required><\/div><div id=\"wpforms-901-field_4-container\" class=\"wpforms-field wpforms-field-email\" data-field-id=\"4\"><label class=\"wpforms-field-label\" for=\"wpforms-901-field_4\">Courriel <span class=\"wpforms-required-label\" aria-hidden=\"true\">*<\/span><\/label><input type=\"email\" id=\"wpforms-901-field_4\" class=\"wpforms-field-medium wpforms-field-required\" name=\"wpforms[fields][4]\" spellcheck=\"false\" aria-errormessage=\"wpforms-901-field_4-error\" required><\/div><div id=\"wpforms-901-field_13-container\" class=\"wpforms-field wpforms-field-text\" data-field-id=\"13\"><label class=\"wpforms-field-label\" for=\"wpforms-901-field_13\">Adresse o\u00f9 se d\u00e9roulera l\u2019activit\u00e9 <span class=\"wpforms-required-label\" aria-hidden=\"true\">*<\/span><\/label><input type=\"text\" id=\"wpforms-901-field_13\" class=\"wpforms-field-medium wpforms-field-required\" name=\"wpforms[fields][13]\" aria-errormessage=\"wpforms-901-field_13-error\" required><\/div><div id=\"wpforms-901-field_14-container\" class=\"wpforms-field wpforms-field-text\" data-field-id=\"14\"><label class=\"wpforms-field-label\" for=\"wpforms-901-field_14\">Code postal o\u00f9 se d\u00e9roulera l\u2019activit\u00e9 <span class=\"wpforms-required-label\" aria-hidden=\"true\">*<\/span><\/label><input type=\"text\" id=\"wpforms-901-field_14\" class=\"wpforms-field-medium wpforms-field-required\" name=\"wpforms[fields][14]\" aria-errormessage=\"wpforms-901-field_14-error\" required><\/div><div id=\"wpforms-901-field_10-container\" class=\"wpforms-field wpforms-field-number\" data-field-id=\"10\"><label class=\"wpforms-field-label\" for=\"wpforms-901-field_10\">Nombre de participants pr\u00e9vus <span class=\"wpforms-required-label\" aria-hidden=\"true\">*<\/span><\/label><input type=\"number\" id=\"wpforms-901-field_10\" class=\"wpforms-field-medium wpforms-field-required\" name=\"wpforms[fields][10]\" step=\"any\" aria-errormessage=\"wpforms-901-field_10-error\" required><\/div><div id=\"wpforms-901-field_6-container\" class=\"wpforms-field wpforms-field-select wpforms-field-select-style-classic\" data-field-id=\"6\"><label class=\"wpforms-field-label\" for=\"wpforms-901-field_6\">Forfait <span class=\"wpforms-required-label\" aria-hidden=\"true\">*<\/span><\/label><select id=\"wpforms-901-field_6\" class=\"wpforms-field-medium wpforms-field-required\" name=\"wpforms[fields][6]\" required=\"required\"><option value=\"Station VR Mobile\"  class=\"choice-1 depth-1\"  >Station VR Mobile<\/option><option value=\"Plateforme KATVR\"  class=\"choice-2 depth-1\"  >Plateforme KATVR<\/option><\/select><\/div><div id=\"wpforms-901-field_28-container\" class=\"wpforms-field wpforms-field-select wpforms-field-select-style-classic\" data-field-id=\"28\"><label class=\"wpforms-field-label\" for=\"wpforms-901-field_28\">Dur\u00e9e <span class=\"wpforms-required-label\" aria-hidden=\"true\">*<\/span><\/label><select id=\"wpforms-901-field_28\" class=\"wpforms-field-medium wpforms-field-required\" name=\"wpforms[fields][28]\" required=\"required\"><option value=\"Moins de 24h\"  class=\"choice-1 depth-1\"  >Moins de 24h<\/option><option value=\"1 jour\"  class=\"choice-2 depth-1\"  >1 jour<\/option><option value=\"2 jours\"  class=\"choice-3 depth-1\"  >2 jours<\/option><option value=\"7 jours\"  class=\"choice-4 depth-1\"  >7 jours<\/option><option value=\"Autre\"  class=\"choice-5 depth-1\"  >Autre<\/option><\/select><\/div><div id=\"wpforms-901-field_20-container\" class=\"wpforms-field wpforms-field-text\" data-field-id=\"20\"><label class=\"wpforms-field-label\" for=\"wpforms-901-field_20\">Date de r\u00e9servation <span class=\"wpforms-required-label\" aria-hidden=\"true\">*<\/span><\/label><input type=\"text\" id=\"wpforms-901-field_20\" class=\"wpforms-field-medium wpforms-field-required\" name=\"wpforms[fields][20]\" aria-errormessage=\"wpforms-901-field_20-error\" aria-describedby=\"wpforms-901-field_20-description\" required><div id=\"wpforms-901-field_20-description\" class=\"wpforms-field-description\">Correspond \u00e0 la journ\u00e9e o\u00f9 notre \u00e9quipe viendra installer l\u2019\u00e9quipement. (ex: 16 avril 2018)<\/div><\/div><div id=\"wpforms-901-field_30-container\" class=\"wpforms-field wpforms-field-select wpforms-field-select-style-classic\" data-field-id=\"30\"><label class=\"wpforms-field-label\" for=\"wpforms-901-field_30\">Heure de livraison <span class=\"wpforms-required-label\" aria-hidden=\"true\">*<\/span><\/label><select id=\"wpforms-901-field_30\" class=\"wpforms-field-medium wpforms-field-required\" name=\"wpforms[fields][30]\" required=\"required\"><option value=\"8h00\"  class=\"choice-1 depth-1\"  >8h00<\/option><option value=\"8h30\"  class=\"choice-2 depth-1\"  >8h30<\/option><option value=\"9h00\"  class=\"choice-3 depth-1\"  >9h00<\/option><option value=\"9h30\"  class=\"choice-4 depth-1\"  >9h30<\/option><option value=\"10h00\"  class=\"choice-5 depth-1\"  >10h00<\/option><option value=\"13h00\"  class=\"choice-6 depth-1\"  >13h00<\/option><option value=\"13h30\"  class=\"choice-7 depth-1\"  >13h30<\/option><option value=\"14h00\"  class=\"choice-8 depth-1\"  >14h00<\/option><option value=\"14h30\"  class=\"choice-9 depth-1\"  >14h30<\/option><option value=\"15h00\"  class=\"choice-10 depth-1\"  >15h00<\/option><\/select><div id=\"wpforms-901-field_30-description\" class=\"wpforms-field-description\">Correspond \u00e0 l\u2019heure pr\u00e9vue de notre arriv\u00e9e sur place.<\/div><\/div><div id=\"wpforms-901-field_23-container\" class=\"wpforms-field wpforms-field-text\" data-field-id=\"23\"><label class=\"wpforms-field-label\" for=\"wpforms-901-field_23\">Code promo<\/label><input type=\"text\" id=\"wpforms-901-field_23\" class=\"wpforms-field-medium\" name=\"wpforms[fields][23]\" aria-errormessage=\"wpforms-901-field_23-error\" aria-describedby=\"wpforms-901-field_23-description\" ><div id=\"wpforms-901-field_23-description\" class=\"wpforms-field-description\">Si vous avez un code promo, entrez-le ici.<\/div><\/div><div id=\"wpforms-901-field_11-container\" class=\"wpforms-field wpforms-field-textarea\" data-field-id=\"11\"><label class=\"wpforms-field-label\" for=\"wpforms-901-field_11\">Questions suppl\u00e9mentaires<\/label><textarea id=\"wpforms-901-field_11\" class=\"wpforms-field-medium\" name=\"wpforms[fields][11]\" aria-errormessage=\"wpforms-901-field_11-error\" ><\/textarea><\/div><script>\n\t\t\t\t( function() {\n\t\t\t\t\tconst style = document.createElement( 'style' );\n\t\t\t\t\tstyle.appendChild( document.createTextNode( '#wpforms-901-field_2-container { position: absolute !important; overflow: hidden !important; display: inline !important; height: 1px !important; width: 1px !important; z-index: -1000 !important; padding: 0 !important; } #wpforms-901-field_2-container input { visibility: hidden; } #wpforms-conversational-form-page #wpforms-901-field_2-container label { counter-increment: none; }' ) );\n\t\t\t\t\tdocument.head.appendChild( style );\n\t\t\t\t\tdocument.currentScript?.remove();\n\t\t\t\t} )();\n\t\t\t<\/script><\/div><!-- .wpforms-field-container --><div class=\"wpforms-submit-container\" ><input type=\"hidden\" name=\"wpforms[id]\" value=\"901\"><input type=\"hidden\" name=\"page_title\" value=\"\"><input type=\"hidden\" name=\"page_url\" value=\"https:\/\/nexgat.com\/index.php?rest_route=\/wp\/v2\/pages\/911\"><input type=\"hidden\" name=\"url_referer\" value=\"\"><button type=\"submit\" name=\"wpforms[submit]\" id=\"wpforms-submit-901\" class=\"wpforms-submit\" data-alt-text=\"Envoi...\" data-submit-text=\"Envoyez\" aria-live=\"assertive\" value=\"wpforms-submit\">Envoyez<\/button><img loading=\"lazy\" decoding=\"async\" src=\"https:\/\/nexgat.com\/wp-content\/plugins\/wpforms-lite\/assets\/images\/submit-spin.svg\" class=\"wpforms-submit-spinner\" style=\"display: none;\" width=\"26\" height=\"26\" alt=\"Loading\"><\/div><\/form><\/div>  <!-- .wpforms-container -->\n","protected":false},"author":1,"featured_media":0,"parent":0,"menu_order":0,"comment_status":"closed","ping_status":"closed","template":"","meta":{"_et_pb_use_builder":"on","_et_pb_old_content":"","_et_gb_content_width":"","footnotes":""},"class_list":["post-911","page","type-page","status-publish","hentry"],"_links":{"self":[{"href":"https:\/\/nexgat.com\/index.php?rest_route=\/wp\/v2\/pages\/911","targetHints":{"allow":["GET"]}}],"collection":[{"href":"https:\/\/nexgat.com\/index.php?rest_route=\/wp\/v2\/pages"}],"about":[{"href":"https:\/\/nexgat.com\/index.php?rest_route=\/wp\/v2\/types\/page"}],"author":[{"embeddable":true,"href":"https:\/\/nexgat.com\/index.php?rest_route=\/wp\/v2\/users\/1"}],"replies":[{"embeddable":true,"href":"https:\/\/nexgat.com\/index.php?rest_route=%2Fwp%2Fv2%2Fcomments&post=911"}],"version-history":[{"count":12,"href":"https:\/\/nexgat.com\/index.php?rest_route=\/wp\/v2\/pages\/911\/revisions"}],"predecessor-version":[{"id":1058,"href":"https:\/\/nexgat.com\/index.php?rest_route=\/wp\/v2\/pages\/911\/revisions\/1058"}],"wp:attachment":[{"href":"https:\/\/nexgat.com\/index.php?rest_route=%2Fwp%2Fv2%2Fmedia&parent=911"}],"curies":[{"name":"wp","href":"https:\/\/api.w.org\/{rel}","templated":true}]}}