{"id":532,"date":"2026-01-05T15:56:11","date_gmt":"2026-01-05T15:56:11","guid":{"rendered":"https:\/\/nexgat.com\/?page_id=532"},"modified":"2026-04-02T00:18:05","modified_gmt":"2026-04-02T00:18:05","slug":"details-des-promotions","status":"publish","type":"page","link":"https:\/\/nexgat.com\/?page_id=532","title":{"rendered":"D\u00e9tails des promotions"},"content":{"rendered":"<p>[et_pb_section fb_built=\u00a0\u00bb1&Prime; _builder_version=\u00a0\u00bb4.27.5&Prime; _module_preset=\u00a0\u00bbdefault\u00a0\u00bb background_color=\u00a0\u00bbgcid-1bcf785a-50e1-437b-b09f-65567babc1de\u00a0\u00bb global_colors_info=\u00a0\u00bb{%22gcid-1bcf785a-50e1-437b-b09f-65567babc1de%22:%91%22background_color%22%93}\u00a0\u00bb][et_pb_row _builder_version=\u00a0\u00bb4.27.6&Prime; _module_preset=\u00a0\u00bbdefault\u00a0\u00bb global_colors_info=\u00a0\u00bb{}\u00a0\u00bb][et_pb_column type=\u00a0\u00bb4_4&Prime; _builder_version=\u00a0\u00bb4.27.6&Prime; _module_preset=\u00a0\u00bbdefault\u00a0\u00bb global_colors_info=\u00a0\u00bb{}\u00a0\u00bb][et_pb_text _builder_version=\u00a0\u00bb4.27.6&Prime; _module_preset=\u00a0\u00bbdefault\u00a0\u00bb global_colors_info=\u00a0\u00bb{}\u00a0\u00bb]<\/p>\n<h2><span style=\"color: #edf000;\"><strong>TIRAGE DE CARTE CADEAU DE 25$ (Amazon)<\/strong><\/span><\/h2>\n<h4><span style=\"color: #ffffff;\"><span style=\"color: #ff00ff;\"><strong>Conditions d&rsquo;admission:<\/strong><\/span><\/span><\/h4>\n<h4><span style=\"color: #ffffff; font-size: 14px;\">Une <\/span><span style=\"color: #ffffff; font-size: 14px; text-decoration-line: underline;\"><strong>r\u00e9servation de session est requise<\/strong><\/span><span style=\"color: #ffffff; font-size: 14px;\"> pour participer<\/span><\/h4>\n<p><span style=\"color: #ffffff;\">Chaque r\u00e9servation vous donne <strong style=\"font-size: 14px;\">automatiquement<\/strong><span style=\"font-size: 14px;\"> 1 participation.<\/span><\/span><\/p>\n<p><span style=\"color: #ffffff;\">La carte-cadeau Amazon est <span style=\"text-decoration: underline;\"><strong>envoy\u00e9e par courriel<\/strong><\/span> \u00e0 l\u2019adresse utilis\u00e9e lors de la r\u00e9servation.<\/span><\/p>\n<p><span style=\"color: #ffffff;\">Le tirage est effectu\u00e9 \u00e0 chaque tranche de 10 r\u00e9servations donc, vous avez 1 chance sur 10 de gagner (10%).<\/span><\/p>\n<p><span style=\"color: #ffffff;\"><\/span><\/p>\n<p>[\/et_pb_text][\/et_pb_column][\/et_pb_row][\/et_pb_section]<\/p>\n","protected":false},"excerpt":{"rendered":"<p>TIRAGE DE CARTE CADEAU DE 25$ (Amazon) Conditions d&rsquo;admission: Une r\u00e9servation de session est requise pour participer Chaque r\u00e9servation vous donne automatiquement 1 participation. La carte-cadeau Amazon est envoy\u00e9e par courriel \u00e0 l\u2019adresse utilis\u00e9e lors de la r\u00e9servation. Le tirage est effectu\u00e9 \u00e0 chaque tranche de 10 r\u00e9servations donc, vous avez 1 chance sur 10 [&hellip;]<\/p>\n","protected":false},"author":1,"featured_media":0,"parent":0,"menu_order":0,"comment_status":"closed","ping_status":"closed","template":"","meta":{"_et_pb_use_builder":"on","_et_pb_old_content":"","_et_gb_content_width":"","footnotes":""},"class_list":["post-532","page","type-page","status-publish","hentry"],"_links":{"self":[{"href":"https:\/\/nexgat.com\/index.php?rest_route=\/wp\/v2\/pages\/532","targetHints":{"allow":["GET"]}}],"collection":[{"href":"https:\/\/nexgat.com\/index.php?rest_route=\/wp\/v2\/pages"}],"about":[{"href":"https:\/\/nexgat.com\/index.php?rest_route=\/wp\/v2\/types\/page"}],"author":[{"embeddable":true,"href":"https:\/\/nexgat.com\/index.php?rest_route=\/wp\/v2\/users\/1"}],"replies":[{"embeddable":true,"href":"https:\/\/nexgat.com\/index.php?rest_route=%2Fwp%2Fv2%2Fcomments&post=532"}],"version-history":[{"count":20,"href":"https:\/\/nexgat.com\/index.php?rest_route=\/wp\/v2\/pages\/532\/revisions"}],"predecessor-version":[{"id":827,"href":"https:\/\/nexgat.com\/index.php?rest_route=\/wp\/v2\/pages\/532\/revisions\/827"}],"wp:attachment":[{"href":"https:\/\/nexgat.com\/index.php?rest_route=%2Fwp%2Fv2%2Fmedia&parent=532"}],"curies":[{"name":"wp","href":"https:\/\/api.w.org\/{rel}","templated":true}]}}