{"id":491,"date":"2025-12-29T11:18:59","date_gmt":"2025-12-29T11:18:59","guid":{"rendered":"https:\/\/nexgat.com\/?page_id=491"},"modified":"2026-05-03T16:55:38","modified_gmt":"2026-05-03T16:55:38","slug":"politique-dannulation","status":"publish","type":"page","link":"https:\/\/nexgat.com\/?page_id=491","title":{"rendered":"Politique d&rsquo;annulation"},"content":{"rendered":"<p>[et_pb_section fb_built=\u00a0\u00bb1&Prime; _builder_version=\u00a0\u00bb4.27.5&Prime; _module_preset=\u00a0\u00bbdefault\u00a0\u00bb background_color=\u00a0\u00bbgcid-1bcf785a-50e1-437b-b09f-65567babc1de\u00a0\u00bb global_colors_info=\u00a0\u00bb{%22gcid-1bcf785a-50e1-437b-b09f-65567babc1de%22:%91%22background_color%22%93}\u00a0\u00bb][et_pb_row _builder_version=\u00a0\u00bb4.27.5&Prime; _module_preset=\u00a0\u00bbdefault\u00a0\u00bb global_colors_info=\u00a0\u00bb{}\u00a0\u00bb][et_pb_column type=\u00a0\u00bb4_4&Prime; _builder_version=\u00a0\u00bb4.27.5&Prime; _module_preset=\u00a0\u00bbdefault\u00a0\u00bb global_colors_info=\u00a0\u00bb{}\u00a0\u00bb][et_pb_text _builder_version=\u00a0\u00bb4.27.6&Prime; _module_preset=\u00a0\u00bbdefault\u00a0\u00bb global_colors_info=\u00a0\u00bb{}\u00a0\u00bb]<\/p>\n<h3><span style=\"color: #edf000;\"><b>ANNULATION ET REMBOURSEMENT<\/b><\/span><\/h3>\n<p><span style=\"color: #edf000;\"><b><\/b><\/span><\/p>\n<p><span style=\"color: #e02b20;\"><strong>&#8212;- D\u00c9P\u00d4T DE R\u00c9SERVATION (50$) &#8212;&#8211;<\/strong><\/span><span style=\"font-weight: 400;\"><\/span><span style=\"font-weight: 400;\"><\/span><\/p>\n<p><span style=\"color: #ffffff;\"><b>Aucun remboursement<\/b><span style=\"font-weight: 400;\"> ne sera accord\u00e9 pour toute <\/span><b>annulation effectu\u00e9e moins de 48h avant la prestation.<\/b><\/span><\/p>\n<p><span style=\"color: #e02b20;\"><b style=\"font-size: 14px;\"><\/b><\/span><\/p>\n<p><span style=\"color: #e02b20;\"><b style=\"font-size: 14px;\">&#8212;&#8211; D\u00c9P\u00d4T DE GARANTIE (200$) &#8212;&#8211;<\/b><\/span><\/p>\n<p><span style=\"color: #ffffff;\"><span style=\"font-weight: 400;\">Ce d\u00e9p\u00f4t sert \u00e0 <\/span><b>couvrir tout dommage<\/b><span style=\"font-weight: 400;\">, <\/span><b>perte<\/b><span style=\"font-weight: 400;\">, <\/span><b>bris<\/b><span style=\"font-weight: 400;\"> ou utilisation non conforme du mat\u00e9riel lou\u00e9.<\/span><\/span><\/p>\n<p><span style=\"color: #ffffff;\"><span style=\"font-weight: 400;\">Il est <\/span><b>remboursable<\/b><span style=\"font-weight: 400;\"> dans un <\/span><b>d\u00e9lai de 4 jours ouvrables<\/b><span style=\"font-weight: 400;\"> suivant la r\u00e9ception de l\u2019\u00e9quipement.<\/span><\/span><\/p>\n<p><span style=\"color: #ffffff;\"><span style=\"font-weight: 400;\">En<\/span><b> cas de dommage<\/b><span style=\"font-weight: 400;\">, Nexgat se r\u00e9serve le<\/span><b> droit de retenir tout ou une partie <\/b><span style=\"font-weight: 400;\">du d\u00e9p\u00f4t selon les frais encourus.<\/span><\/span><\/p>\n<p><span style=\"color: #ffffff;\"><span style=\"font-weight: 400;\">Tout <\/span><b>frais de remplacement \u00e0 neuf <\/b><span style=\"font-weight: 400;\">exc\u00e9dant le montant du d\u00e9p\u00f4t de garantie sera \u00e0 votre charge<\/span><span style=\"font-weight: 400;\">.<\/span><\/span><\/p>\n<p><span style=\"color: #ffffff;\"><span style=\"font-weight: 400;\"><\/span><\/span><\/p>\n<p><span style=\"color: #ffffff;\"><span style=\"font-weight: 400;\"><span style=\"color: #e02b20;\"><b style=\"font-size: 14px;\">&#8212;- FORCES MAJEURES &#8212;&#8211;<\/b><\/span><\/span><\/span><\/p>\n<p><span style=\"color: #ffffff;\"><span style=\"font-weight: 400;\">En cas de <\/span><b>force majeure<\/b><span style=\"font-weight: 400;\"> (maladie, m\u00e9t\u00e9o extr\u00eame, etc.), l\u2019entreprise se r\u00e9serve le droit de reporter ou annuler la prestation, avec <\/span><b>remboursement int\u00e9gral<\/b><span style=\"font-weight: 400;\">.<\/span><\/span><\/p>\n<p><b><\/b><\/p>\n<p>[\/et_pb_text][\/et_pb_column][\/et_pb_row][\/et_pb_section]<\/p>\n","protected":false},"excerpt":{"rendered":"<p>ANNULATION ET REMBOURSEMENT &#8212;- D\u00c9P\u00d4T DE R\u00c9SERVATION (50$) &#8212;&#8211; Aucun remboursement ne sera accord\u00e9 pour toute annulation effectu\u00e9e moins de 48h avant la prestation. &#8212;&#8211; D\u00c9P\u00d4T DE GARANTIE (200$) &#8212;&#8211; Ce d\u00e9p\u00f4t sert \u00e0 couvrir tout dommage, perte, bris ou utilisation non conforme du mat\u00e9riel lou\u00e9. Il est remboursable dans un d\u00e9lai de 4 jours [&hellip;]<\/p>\n","protected":false},"author":1,"featured_media":0,"parent":0,"menu_order":0,"comment_status":"closed","ping_status":"closed","template":"","meta":{"_et_pb_use_builder":"on","_et_pb_old_content":"","_et_gb_content_width":"","footnotes":""},"class_list":["post-491","page","type-page","status-publish","hentry"],"_links":{"self":[{"href":"https:\/\/nexgat.com\/index.php?rest_route=\/wp\/v2\/pages\/491","targetHints":{"allow":["GET"]}}],"collection":[{"href":"https:\/\/nexgat.com\/index.php?rest_route=\/wp\/v2\/pages"}],"about":[{"href":"https:\/\/nexgat.com\/index.php?rest_route=\/wp\/v2\/types\/page"}],"author":[{"embeddable":true,"href":"https:\/\/nexgat.com\/index.php?rest_route=\/wp\/v2\/users\/1"}],"replies":[{"embeddable":true,"href":"https:\/\/nexgat.com\/index.php?rest_route=%2Fwp%2Fv2%2Fcomments&post=491"}],"version-history":[{"count":14,"href":"https:\/\/nexgat.com\/index.php?rest_route=\/wp\/v2\/pages\/491\/revisions"}],"predecessor-version":[{"id":975,"href":"https:\/\/nexgat.com\/index.php?rest_route=\/wp\/v2\/pages\/491\/revisions\/975"}],"wp:attachment":[{"href":"https:\/\/nexgat.com\/index.php?rest_route=%2Fwp%2Fv2%2Fmedia&parent=491"}],"curies":[{"name":"wp","href":"https:\/\/api.w.org\/{rel}","templated":true}]}}