{"id":434,"date":"2025-12-23T16:46:10","date_gmt":"2025-12-23T16:46:10","guid":{"rendered":"https:\/\/nexgat.com\/?page_id=434"},"modified":"2026-05-15T21:53:30","modified_gmt":"2026-05-15T21:53:30","slug":"jeux","status":"publish","type":"page","link":"https:\/\/nexgat.com\/?page_id=434","title":{"rendered":"Jeux"},"content":{"rendered":"<p>[et_pb_section fb_built=\u00a0\u00bb1&Prime; _builder_version=\u00a0\u00bb4.27.6&Prime; _module_preset=\u00a0\u00bbdefault\u00a0\u00bb background_color=\u00a0\u00bbgcid-1bcf785a-50e1-437b-b09f-65567babc1de\u00a0\u00bb global_colors_info=\u00a0\u00bb{%22gcid-1bcf785a-50e1-437b-b09f-65567babc1de%22:%91%22background_color%22%93}\u00a0\u00bb][et_pb_row _builder_version=\u00a0\u00bb4.27.6&Prime; _module_preset=\u00a0\u00bbdefault\u00a0\u00bb min_height=\u00a0\u00bb205.1px\u00a0\u00bb custom_padding=\u00a0\u00bb0px|||||\u00a0\u00bb hover_enabled=\u00a0\u00bb0&Prime; global_colors_info=\u00a0\u00bb{}\u00a0\u00bb title_text=\u00a0\u00bbCarte d&rsquo;affaire (1)\u00a0\u00bb background_image=\u00a0\u00bbhttps:\/\/nexgat.com\/wp-content\/uploads\/2026\/05\/Carte-daffaire-1.png\u00a0\u00bb sticky_enabled=\u00a0\u00bb0&Prime;][et_pb_column type=\u00a0\u00bb4_4&Prime; _builder_version=\u00a0\u00bb4.27.6&Prime; _module_preset=\u00a0\u00bbdefault\u00a0\u00bb global_colors_info=\u00a0\u00bb{}\u00a0\u00bb][et_pb_cta title=\u00a0\u00bbVotre prochaine aventure commence ici !\u00a0\u00bb button_text=\u00a0\u00bbClick Here\u00a0\u00bb _builder_version=\u00a0\u00bb4.27.6&Prime; _module_preset=\u00a0\u00bbdefault\u00a0\u00bb header_level=\u00a0\u00bbh1&Prime; header_font=\u00a0\u00bb|800||on|||||\u00a0\u00bb header_text_color=\u00a0\u00bbgcid-39bb5ebd-8d97-4670-a45a-b1ffd711f3fc\u00a0\u00bb background_color=\u00a0\u00bbRGBA(255,255,255,0)\u00a0\u00bb min_height=\u00a0\u00bb79.8px\u00a0\u00bb custom_padding=\u00a0\u00bb||2px|||\u00a0\u00bb hover_enabled=\u00a0\u00bb0&Prime; global_colors_info=\u00a0\u00bb{%22gcid-39bb5ebd-8d97-4670-a45a-b1ffd711f3fc%22:%91%22header_text_color%22%93}\u00a0\u00bb title_text=\u00a0\u00bbCarte d&rsquo;affaire (1)\u00a0\u00bb sticky_enabled=\u00a0\u00bb0&Prime; background_enable_image=\u00a0\u00bboff\u00a0\u00bb text_shadow_style=\u00a0\u00bbpreset4&Prime; text_shadow_horizontal_length=\u00a0\u00bb0.28em\u00a0\u00bb text_shadow_color=\u00a0\u00bb#000000&Prime;]<\/p>\n<p>Des mondes incroyables vous attendent, pr\u00eats. Il ne manque plus que vous.<\/p>\n<p>[\/et_pb_cta][et_pb_button button_url=\u00a0\u00bbhttps:\/\/nexgat.com\/?page_id=222&Prime; button_text=\u00a0\u00bbR\u00c9SERVEZ MA STATION\u00a0\u00bb button_alignment=\u00a0\u00bbcenter\u00a0\u00bb _builder_version=\u00a0\u00bb4.27.6&Prime; _module_preset=\u00a0\u00bbdefault\u00a0\u00bb custom_button=\u00a0\u00bbon\u00a0\u00bb button_text_color=\u00a0\u00bbgcid-39bb5ebd-8d97-4670-a45a-b1ffd711f3fc\u00a0\u00bb button_border_color=\u00a0\u00bbgcid-39bb5ebd-8d97-4670-a45a-b1ffd711f3fc\u00a0\u00bb button_border_radius=\u00a0\u00bb5px\u00a0\u00bb button_font=\u00a0\u00bb|600||on|||||\u00a0\u00bb custom_padding=\u00a0\u00bb0px|||||\u00a0\u00bb hover_enabled=\u00a0\u00bb0&Prime; global_colors_info=\u00a0\u00bb{%22gcid-39bb5ebd-8d97-4670-a45a-b1ffd711f3fc%22:%91%22button_border_color%22,%22button_text_color%22%93,%22gcid-1bcf785a-50e1-437b-b09f-65567babc1de%22:%91%22button_bg_color%22%93}\u00a0\u00bb button_bg_color=\u00a0\u00bbgcid-1bcf785a-50e1-437b-b09f-65567babc1de\u00a0\u00bb button_bg_enable_color=\u00a0\u00bbon\u00a0\u00bb sticky_enabled=\u00a0\u00bb0&Prime; min_height=\u00a0\u00bb71.8px\u00a0\u00bb][\/et_pb_button][\/et_pb_column][\/et_pb_row][et_pb_row _builder_version=\u00a0\u00bb4.27.6&Prime; _module_preset=\u00a0\u00bbdefault\u00a0\u00bb min_height=\u00a0\u00bb34px\u00a0\u00bb global_colors_info=\u00a0\u00bb{}\u00a0\u00bb][et_pb_column type=\u00a0\u00bb4_4&Prime; _builder_version=\u00a0\u00bb4.27.6&Prime; _module_preset=\u00a0\u00bbdefault\u00a0\u00bb global_colors_info=\u00a0\u00bb{}\u00a0\u00bb][et_pb_text _builder_version=\u00a0\u00bb4.27.6&Prime; _module_preset=\u00a0\u00bbdefault\u00a0\u00bb global_colors_info=\u00a0\u00bb{}\u00a0\u00bb]<\/p>\n<h2 style=\"text-align: center;\"><span style=\"color: #ffffff;\"><strong>D\u00e9couvrez nos jeux pr\u00e9install\u00e9s<\/strong><\/span><\/h2>\n<p>[\/et_pb_text][\/et_pb_column][\/et_pb_row][et_pb_row column_structure=\u00a0\u00bb1_4,1_4,1_4,1_4&Prime; _builder_version=\u00a0\u00bb4.27.6&Prime; _module_preset=\u00a0\u00bbdefault\u00a0\u00bb custom_padding=\u00a0\u00bb0px|||||\u00a0\u00bb global_colors_info=\u00a0\u00bb{}\u00a0\u00bb][et_pb_column type=\u00a0\u00bb1_4&Prime; _builder_version=\u00a0\u00bb4.27.6&Prime; _module_preset=\u00a0\u00bbdefault\u00a0\u00bb global_colors_info=\u00a0\u00bb{}\u00a0\u00bb][et_pb_text _builder_version=\u00a0\u00bb4.27.6&Prime; _module_preset=\u00a0\u00bbdefault\u00a0\u00bb global_colors_info=\u00a0\u00bb{}\u00a0\u00bb]<\/p>\n<h2><span style=\"color: #ff6600;\"><strong>Escape Room<\/strong><\/span><\/h2>\n<p><span style=\"color: #ffffff;\">Wanderer<\/span><\/p>\n<p><span style=\"color: #ffffff;\">Curious Cases<\/span><\/p>\n<p><span style=\"color: #ffffff;\">Escape first 1, 2, 3<\/span><\/p>\n<p><span style=\"color: #ffffff;\">The Experiment: Escape Room<\/span><\/p>\n<p><span style=\"color: #ffffff;\">Tales of Escape<\/span><\/p>\n<p><strong><\/strong><\/p>\n<p>[\/et_pb_text][\/et_pb_column][et_pb_column type=\u00a0\u00bb1_4&Prime; _builder_version=\u00a0\u00bb4.27.6&Prime; _module_preset=\u00a0\u00bbdefault\u00a0\u00bb global_colors_info=\u00a0\u00bb{}\u00a0\u00bb][et_pb_text _builder_version=\u00a0\u00bb4.27.6&Prime; _module_preset=\u00a0\u00bbdefault\u00a0\u00bb hover_enabled=\u00a0\u00bb0&Prime; global_colors_info=\u00a0\u00bb{}\u00a0\u00bb sticky_enabled=\u00a0\u00bb0&Prime;]<\/p>\n<h2 style=\"text-align: left;\"><span style=\"color: #ff6600;\"><strong>Horreur<\/strong><\/span><\/h2>\n<p><span style=\"color: #ffffff;\">Arizona Sunshine 2<\/span><\/p>\n<p><span style=\"color: #ffffff;\">After the Fall<\/span><\/p>\n<p><span style=\"color: #ffffff;\">Affected: The Manor<\/span><\/p>\n<p><span style=\"color: #ffffff;\">Rotten Apple<\/span><\/p>\n<p><span style=\"color: #ffffff;\">Metro Awakening<\/span><\/p>\n<p><span style=\"color: #ffffff;\">Propagation VR<\/span><\/p>\n<p><span style=\"color: #ffffff;\">The forest<\/span><\/p>\n<p>[\/et_pb_text][\/et_pb_column][et_pb_column type=\u00a0\u00bb1_4&Prime; _builder_version=\u00a0\u00bb4.27.6&Prime; _module_preset=\u00a0\u00bbdefault\u00a0\u00bb global_colors_info=\u00a0\u00bb{}\u00a0\u00bb][et_pb_text _builder_version=\u00a0\u00bb4.27.6&Prime; _module_preset=\u00a0\u00bbdefault\u00a0\u00bb global_colors_info=\u00a0\u00bb{}\u00a0\u00bb]<\/p>\n<h2><span style=\"color: #ff6600;\"><strong>Action<\/strong><\/span><\/h2>\n<p><span style=\"color: #ffffff;\">Half-Life Alyx<\/span><\/p>\n<p><span style=\"color: #ffffff;\">Z.O.N.A Origin<\/span><\/p>\n<p><span style=\"color: #ffffff;\">Z.O.N.A Projet X<\/span><\/p>\n<p><span style=\"color: #ffffff;\">Cave Digger 2: Dig Harder<\/span><\/p>\n<p><span style=\"color: #ffffff;\">Ark Park<\/span><\/p>\n<p><span style=\"color: #ffffff; font-size: 14px;\">Thief VR<\/span><\/p>\n<p><span style=\"color: #ffffff;\">Hyper Dash<\/span><\/p>\n<p><span style=\"color: #ffffff;\">War Dust<\/span><\/p>\n<p>[\/et_pb_text][\/et_pb_column][et_pb_column type=\u00a0\u00bb1_4&Prime; _builder_version=\u00a0\u00bb4.27.6&Prime; _module_preset=\u00a0\u00bbdefault\u00a0\u00bb global_colors_info=\u00a0\u00bb{}\u00a0\u00bb][et_pb_text _builder_version=\u00a0\u00bb4.27.6&Prime; _module_preset=\u00a0\u00bbdefault\u00a0\u00bb global_colors_info=\u00a0\u00bb{}\u00a0\u00bb]<\/p>\n<h2><span style=\"color: #ff6600;\"><strong>Famille<\/strong><\/span><\/h2>\n<p><span style=\"color: #ffffff;\">Walkabout Mini Golf<\/span><\/p>\n<p><span style=\"color: #ffffff;\">Beat Saber<\/span><\/p>\n<p><span style=\"color: #ffffff;\">Epic Roller Coasters<\/span><\/p>\n<p><span style=\"color: #ffffff;\">Under Pressure<\/span><\/p>\n<p><span style=\"color: #ffffff;\">Cyube VR<\/span><\/p>\n<p><span style=\"color: #ffffff;\">Open Brush<\/span><\/p>\n<p><span style=\"color: #ffffff;\">Rec Room<\/span><\/p>\n<p><span style=\"color: #ffffff;\">MeCat<\/span><\/p>\n<p><span style=\"color: #ffffff;\">The Break-In<\/span><\/p>\n<p><span style=\"color: #ffffff;\">VRChat<\/span><span style=\"color: #ffffff;\"><\/span><\/p>\n<p><span class=\"UpqjtP0-VK0-\" style=\"color: #ffffff;\"><a href=\"https:\/\/store.steampowered.com\/app\/956880\" class=\"Kj0mLm4b2zY-\" style=\"color: #ffffff;\">G\u00e9ants disparus VR<\/a><\/span><\/p>\n<p><span style=\"color: #ffffff;\">Epic Fun<\/span><span class=\"UpqjtP0-VK0-\" style=\"color: #ffffff;\"><\/span><\/p>\n<div class=\"avdAVSxv18s-\"><\/div>\n<p><span style=\"color: #ffffff;\"><\/span><\/p>\n<p>[\/et_pb_text][\/et_pb_column][\/et_pb_row][\/et_pb_section]<\/p>\n","protected":false},"excerpt":{"rendered":"<p>Des mondes incroyables vous attendent, pr\u00eats. Il ne manque plus que vous.D\u00e9couvrez nos jeux pr\u00e9install\u00e9sEscape Room Wanderer Curious Cases Escape first 1, 2, 3 The Experiment: Escape Room Tales of Escape Horreur Arizona Sunshine 2 After the Fall Affected: The Manor Rotten Apple Metro Awakening Propagation VR The forestAction Half-Life Alyx Z.O.N.A Origin Z.O.N.A Projet [&hellip;]<\/p>\n","protected":false},"author":1,"featured_media":0,"parent":0,"menu_order":0,"comment_status":"closed","ping_status":"closed","template":"","meta":{"_et_pb_use_builder":"on","_et_pb_old_content":"","_et_gb_content_width":"","footnotes":""},"class_list":["post-434","page","type-page","status-publish","hentry"],"_links":{"self":[{"href":"https:\/\/nexgat.com\/index.php?rest_route=\/wp\/v2\/pages\/434","targetHints":{"allow":["GET"]}}],"collection":[{"href":"https:\/\/nexgat.com\/index.php?rest_route=\/wp\/v2\/pages"}],"about":[{"href":"https:\/\/nexgat.com\/index.php?rest_route=\/wp\/v2\/types\/page"}],"author":[{"embeddable":true,"href":"https:\/\/nexgat.com\/index.php?rest_route=\/wp\/v2\/users\/1"}],"replies":[{"embeddable":true,"href":"https:\/\/nexgat.com\/index.php?rest_route=%2Fwp%2Fv2%2Fcomments&post=434"}],"version-history":[{"count":34,"href":"https:\/\/nexgat.com\/index.php?rest_route=\/wp\/v2\/pages\/434\/revisions"}],"predecessor-version":[{"id":1044,"href":"https:\/\/nexgat.com\/index.php?rest_route=\/wp\/v2\/pages\/434\/revisions\/1044"}],"wp:attachment":[{"href":"https:\/\/nexgat.com\/index.php?rest_route=%2Fwp%2Fv2%2Fmedia&parent=434"}],"curies":[{"name":"wp","href":"https:\/\/api.w.org\/{rel}","templated":true}]}}