{"id":251,"date":"2025-09-17T00:46:38","date_gmt":"2025-09-17T00:46:38","guid":{"rendered":"https:\/\/nexgat.com\/?page_id=251"},"modified":"2025-12-28T16:50:14","modified_gmt":"2025-12-28T16:50:14","slug":"mentions-legales","status":"publish","type":"page","link":"https:\/\/nexgat.com\/?page_id=251","title":{"rendered":"Mentions l\u00e9gales"},"content":{"rendered":"<p>[et_pb_section fb_built=\u00a0\u00bb1&Prime; _builder_version=\u00a0\u00bb4.27.4&Prime; _module_preset=\u00a0\u00bbdefault\u00a0\u00bb background_color=\u00a0\u00bbgcid-1bcf785a-50e1-437b-b09f-65567babc1de\u00a0\u00bb global_colors_info=\u00a0\u00bb{%22gcid-1bcf785a-50e1-437b-b09f-65567babc1de%22:%91%22background_color%22%93}\u00a0\u00bb][et_pb_row _builder_version=\u00a0\u00bb4.27.5&Prime; _module_preset=\u00a0\u00bbdefault\u00a0\u00bb hover_enabled=\u00a0\u00bb0&Prime; global_colors_info=\u00a0\u00bb{}\u00a0\u00bb sticky_enabled=\u00a0\u00bb0&Prime;][et_pb_column type=\u00a0\u00bb4_4&Prime; _builder_version=\u00a0\u00bb4.27.4&Prime; _module_preset=\u00a0\u00bbdefault\u00a0\u00bb global_colors_info=\u00a0\u00bb{}\u00a0\u00bb][et_pb_text _builder_version=\u00a0\u00bb4.27.5&Prime; _module_preset=\u00a0\u00bbdefault\u00a0\u00bb hover_enabled=\u00a0\u00bb0&Prime; global_colors_info=\u00a0\u00bb{}\u00a0\u00bb sticky_enabled=\u00a0\u00bb0&Prime;]<\/p>\n<h3><span style=\"color: #ffffff;\"><b>Informations l\u00e9gales :<\/b><\/span><\/h3>\n<p><span style=\"font-weight: 400; color: #ffffff;\"><\/span><\/p>\n<p><span style=\"color: #ffffff;\"><span style=\"font-weight: 400;\">Le propri\u00e9taire est : <\/span><b>Meghan Cournoyer Laurence<\/b><\/span><\/p>\n<p><span style=\"color: #ffffff;\"><span style=\"font-weight: 400;\">Adresse d\u2019entreprise : <\/span><b>1470 rue du Haut St-Maurice, Qc, Canada, G2E 1C3<\/b><\/span><\/p>\n<p><span style=\"color: #ffffff;\"><span style=\"font-weight: 400;\">Le Responsable de la publication est :\u00a0 <\/span><b>L\u2019\u00e9quipe Divertissement Nexgat<\/b><\/span><\/p>\n<p><span style=\"color: #ffffff;\"><span style=\"font-weight: 400;\">Contacter le responsable de la publication : <\/span><b>divertissement@nexgat.com<\/b><\/span><\/p>\n<p><span style=\"font-weight: 400; color: #ffffff;\">Le responsable de la publication est une personne physique.<\/span><\/p>\n<p><span style=\"color: #ffffff;\"><span style=\"font-weight: 400;\">L&rsquo;h\u00e9bergeur du site est <\/span><b>Kinsta<\/b><span style=\"font-weight: 400;\">.<\/span><\/span><\/p>\n<p><span style=\"font-weight: 400; color: #ffffff;\"><\/span><\/p>\n<h3><span style=\"color: #ffffff;\"><b>Pr\u00e9sentation et principe :<\/b><\/span><\/h3>\n<p><span style=\"color: #ffffff;\"><span style=\"font-weight: 400;\">Est d\u00e9sign\u00e9 ci-apr\u00e8s : Utilisateur, tout internaute se connectant et utilisant le site susnomm\u00e9 : <\/span><b>Divertissement Nexgat<\/b><span style=\"font-weight: 400;\">.<\/span><span style=\"font-weight: 400;\"><br \/><\/span><\/span><\/p>\n<p><span style=\"color: #ffffff;\"><span style=\"font-weight: 400;\">Le site<\/span><b> Divertissement Nexgat<\/b><span style=\"font-weight: 400;\"> regroupe un ensemble de services, dans l&rsquo;\u00e9tat, mis \u00e0 la disposition des utilisateurs. Il est ici pr\u00e9cis\u00e9 que ces derniers doivent rester courtois et faire preuve de bonne foi tant envers les autres utilisateurs qu&rsquo;envers le webmaster du site <\/span><b>Divertissement Nexgat<\/b><span style=\"font-weight: 400;\">. Le site <\/span><b>Divertissement Nexgat<\/b><span style=\"font-weight: 400;\"> est mis \u00e0 jour r\u00e9guli\u00e8rement par les fondateurs de <\/span><b>Divertissement Nexgat<\/b><span style=\"font-weight: 400;\">.<\/span><span style=\"font-weight: 400;\"><br \/><\/span><\/span><\/p>\n<p><span style=\"color: #ffffff;\"><b>Divertissement Nexgat<\/b><span style=\"font-weight: 400;\"> s\u2019efforce de fournir sur le site <\/span><b>Divertissement Nexgat<\/b><span style=\"font-weight: 400;\">, des informations les plus pr\u00e9cises possible (sous r\u00e9serve de modifications apport\u00e9es depuis leur mise en ligne), mais ne saurait garantir l&rsquo;exactitude, la compl\u00e9tude et l&rsquo;actualit\u00e9 des informations diffus\u00e9es sur son site, qu\u2019elles soient de son fait ou du fait des tiers partenaires qui lui fournissent ces informations. En cons\u00e9quence, l&rsquo;utilisateur reconna\u00eet utiliser ces informations donn\u00e9es (\u00e0 titre indicatif, non exhaustives et susceptibles d&rsquo;\u00e9voluer) sous sa responsabilit\u00e9 exclusive.<\/span><\/span><\/p>\n<p><span style=\"font-weight: 400; color: #ffffff;\"><\/span><\/p>\n<h3><span style=\"color: #ffffff;\"><b>Accessibilit\u00e9 :<\/b><\/span><\/h3>\n<p><span style=\"color: #ffffff;\"><span style=\"font-weight: 400;\">Le site <\/span><b>Divertissement Nexgat<\/b><span style=\"font-weight: 400;\"> est par principe accessible aux utilisateurs 24\/24h, 7\/7j, sauf interruption, programm\u00e9e ou non, pour les besoins de sa maintenance ou en cas de force majeure. En cas d\u2019impossibilit\u00e9 d\u2019acc\u00e8s au service, <\/span><b>Divertissement Nexgat <\/b><span style=\"font-weight: 400;\">s\u2019engage \u00e0 faire son maximum afin de r\u00e9tablir l\u2019acc\u00e8s au service et s\u2019efforcera alors de communiquer pr\u00e9alablement aux utilisateurs les dates et heures de l\u2019intervention.\u00a0 N\u2019\u00e9tant soumis qu\u2019\u00e0 une obligation de moyen, <\/span><b>Divertissement Nexgat <\/b><span style=\"font-weight: 400;\">ne saurait \u00eatre tenu pour responsable de tout dommage, quelle qu\u2019en soit la nature, r\u00e9sultant d\u2019une indisponibilit\u00e9 du service.<\/span><\/span><\/p>\n<p><span style=\"font-weight: 400; color: #ffffff;\"><\/span><\/p>\n<h3><span style=\"color: #ffffff;\"><b>Propri\u00e9t\u00e9 intellectuelle :<\/b><\/span><\/h3>\n<p><span style=\"color: #ffffff;\"><b>Divertissement Nexgat<\/b><span style=\"font-weight: 400;\"> est propri\u00e9taire exclusif de tous les droits de propri\u00e9t\u00e9 intellectuelle ou d\u00e9tient les droits d\u2019usage sur tous les \u00e9l\u00e9ments accessibles sur le site, tant sur la structure que sur les textes, images, graphismes, logo, ic\u00f4nes, sons, logiciels\u2026<\/span><\/span><\/p>\n<p><span style=\"color: #ffffff;\"><span style=\"font-weight: 400;\">Toute reproduction totale ou partielle du site <\/span><b>Divertissement Nexgat<\/b><span style=\"font-weight: 400;\">, repr\u00e9sentation, modification, publication, adaptation totale ou partielle de l&rsquo;un quelconque de ces \u00e9l\u00e9ments, quel que soit le moyen ou le proc\u00e9d\u00e9 utilis\u00e9, est interdite, sauf autorisation \u00e9crite pr\u00e9alable du propri\u00e9taire du site \u00e0 l&#8217;email : <\/span><b>divertissement@nexgat.com<\/b><span style=\"font-weight: 400;\">, \u00e0 d\u00e9faut, elle sera consid\u00e9r\u00e9e comme constitutive d\u2019une contrefa\u00e7on et passible de poursuite conform\u00e9ment aux dispositions des articles L.335-2 et suivants du Code de Propri\u00e9t\u00e9 Intellectuelle.<\/span><\/span><\/p>\n<p><span style=\"font-weight: 400; color: #ffffff;\"><\/span><\/p>\n<h3><span style=\"color: #ffffff;\"><b>Liens hypertextes et cookies :<\/b><\/span><\/h3>\n<p><span style=\"color: #ffffff;\"><span style=\"font-weight: 400;\">Le site <\/span><b>Divertissement Nexgat<\/b><span style=\"font-weight: 400;\"> contient un certain nombre de liens hypertextes vers d\u2019autres sites (partenaires, informations \u2026) mis en place avec autorisation. Cependant, l\u2019\u00e9quipe de <\/span><b>Divertissement Nexgat<\/b><span style=\"font-weight: 400;\"> n\u2019a pas la possibilit\u00e9 de v\u00e9rifier l&rsquo;ensemble du contenu des sites ainsi visit\u00e9s et d\u00e9cline donc toute responsabilit\u00e9 de ce fait quant aux risques \u00e9ventuels de contenus illicites.<\/span><\/span><\/p>\n<p><span style=\"color: #ffffff;\"><span style=\"font-weight: 400;\">L\u2019utilisateur est inform\u00e9 que lors de ses visites sur le site <\/span><b>Divertissement Nexgat<\/b><span style=\"font-weight: 400;\">, un ou des cookies sont susceptibles de s\u2019installer automatiquement sur son ordinateur par l&rsquo;interm\u00e9diaire de son logiciel de navigation. Un cookie est un bloc de donn\u00e9es qui ne permet pas d&rsquo;identifier l&rsquo;utilisateur, mais qui enregistre des informations relatives \u00e0 la navigation de celui-ci sur le site.<\/span><\/span><\/p>\n<p><span style=\"font-weight: 400; color: #ffffff;\">Le param\u00e9trage du logiciel de navigation permet d\u2019informer de la pr\u00e9sence de cookie et \u00e9ventuellement, de la refuser de la mani\u00e8re d\u00e9crite \u00e0 l\u2019adresse suivante : www.cnil.fr. L\u2019utilisateur peut toutefois configurer le navigateur de son ordinateur pour refuser l\u2019installation des cookies, sachant que le refus d&rsquo;installation d&rsquo;un cookie peut entra\u00eener l\u2019impossibilit\u00e9 d\u2019acc\u00e9der \u00e0 certains services. Pour tout blocage des cookies, tapez dans votre moteur de recherche : blocage des cookies sous IE ou Firefox et suivez les instructions en fonction de votre version.<\/span><\/p>\n<p><span style=\"font-weight: 400; color: #ffffff;\"><\/span><\/p>\n<h3><span style=\"color: #ffffff;\"><b>Protection des biens et des personnes &#8211; gestion des donn\u00e9es personnelles :<\/b><\/span><\/h3>\n<p><span style=\"color: #ffffff;\"><span style=\"font-weight: 400;\">Au Qu\u00e9bec, les renseignements personnels sont prot\u00e9g\u00e9s principalement par la <\/span><b>Loi sur la protection des renseignements personnels dans le secteur priv\u00e9 (RLRQ, c. P-39.1)<\/b><span style=\"font-weight: 400;\">.<\/span><\/span><\/p>\n<p><span style=\"color: #ffffff;\"><span style=\"font-weight: 400;\">Le site <\/span><b>Divertissement Nexgat<\/b><span style=\"font-weight: 400;\"> ne collecte des renseignements personnels concernant l\u2019utilisateur que dans le cadre de certains services propos\u00e9s par le site <\/span><b>Divertissement Nexgat<\/b><span style=\"font-weight: 400;\">. L\u2019utilisateur fournit ces renseignements en toute connaissance de cause, notamment lorsqu\u2019il proc\u00e8de lui-m\u00eame \u00e0 leur saisie. Il est alors pr\u00e9cis\u00e9 \u00e0 l\u2019utilisateur si la communication de ces renseignements est obligatoire ou facultative.<\/span><\/span><\/p>\n<p><span style=\"color: #ffffff;\"><span style=\"font-weight: 400;\">Conform\u00e9ment \u00e0 la <\/span><b>Loi sur la protection des renseignements personnels dans le secteur priv\u00e9<\/b><span style=\"font-weight: 400;\">, tout utilisateur dispose d\u2019un droit d\u2019acc\u00e8s, de rectification et de suppression des renseignements personnels le concernant. Pour exercer ce droit, adressez votre demande \u00e0 <\/span><b>Divertissement Nexgat <\/b><span style=\"font-weight: 400;\">par courriel \u00e0 l\u2019adresse : <\/span><b>divertissement@nexgat.com<\/b><span style=\"font-weight: 400;\"> ou par \u00e9crit, accompagn\u00e9e d\u2019une copie d\u2019une pi\u00e8ce d\u2019identit\u00e9, en pr\u00e9cisant l\u2019adresse \u00e0 laquelle la r\u00e9ponse doit \u00eatre envoy\u00e9e.<\/span><\/span><\/p>\n<p><span style=\"color: #ffffff;\"><span style=\"font-weight: 400;\">Aucune information personnelle de l\u2019utilisateur du site <\/span><b>Divertissement Nexgat<\/b><span style=\"font-weight: 400;\"> n\u2019est publi\u00e9e \u00e0 son insu, \u00e9chang\u00e9e, transf\u00e9r\u00e9e, c\u00e9d\u00e9e ou vendue \u00e0 des tiers. La seule exception est en cas de vente ou de transfert du site <\/span><b>Divertissement Nexgat<\/b><span style=\"font-weight: 400;\"> \u00e0 un tiers, auquel cas les informations pourraient \u00eatre transmises \u00e0 l\u2019acqu\u00e9reur, qui serait \u00e0 son tour tenu de respecter les m\u00eames obligations de protection et de confidentialit\u00e9.<\/span><\/span><\/p>\n<p><span style=\"color: #993300;\">\u00a0<\/span><\/p>\n<p>[\/et_pb_text][\/et_pb_column][\/et_pb_row][\/et_pb_section]<\/p>\n","protected":false},"excerpt":{"rendered":"<p>Informations l\u00e9gales : Le propri\u00e9taire est : Meghan Cournoyer Laurence Adresse d\u2019entreprise : 1470 rue du Haut St-Maurice, Qc, Canada, G2E 1C3 Le Responsable de la publication est :\u00a0 L\u2019\u00e9quipe Divertissement Nexgat Contacter le responsable de la publication : divertissement@nexgat.com Le responsable de la publication est une personne physique. L&rsquo;h\u00e9bergeur du site est Kinsta. Pr\u00e9sentation [&hellip;]<\/p>\n","protected":false},"author":1,"featured_media":0,"parent":0,"menu_order":0,"comment_status":"closed","ping_status":"closed","template":"","meta":{"_et_pb_use_builder":"on","_et_pb_old_content":"","_et_gb_content_width":"","footnotes":""},"class_list":["post-251","page","type-page","status-publish","hentry"],"_links":{"self":[{"href":"https:\/\/nexgat.com\/index.php?rest_route=\/wp\/v2\/pages\/251","targetHints":{"allow":["GET"]}}],"collection":[{"href":"https:\/\/nexgat.com\/index.php?rest_route=\/wp\/v2\/pages"}],"about":[{"href":"https:\/\/nexgat.com\/index.php?rest_route=\/wp\/v2\/types\/page"}],"author":[{"embeddable":true,"href":"https:\/\/nexgat.com\/index.php?rest_route=\/wp\/v2\/users\/1"}],"replies":[{"embeddable":true,"href":"https:\/\/nexgat.com\/index.php?rest_route=%2Fwp%2Fv2%2Fcomments&post=251"}],"version-history":[{"count":4,"href":"https:\/\/nexgat.com\/index.php?rest_route=\/wp\/v2\/pages\/251\/revisions"}],"predecessor-version":[{"id":485,"href":"https:\/\/nexgat.com\/index.php?rest_route=\/wp\/v2\/pages\/251\/revisions\/485"}],"wp:attachment":[{"href":"https:\/\/nexgat.com\/index.php?rest_route=%2Fwp%2Fv2%2Fmedia&parent=251"}],"curies":[{"name":"wp","href":"https:\/\/api.w.org\/{rel}","templated":true}]}}