{"id":247,"date":"2025-09-17T00:44:16","date_gmt":"2025-09-17T00:44:16","guid":{"rendered":"https:\/\/nexgat.com\/?page_id=247"},"modified":"2026-05-03T17:01:05","modified_gmt":"2026-05-03T17:01:05","slug":"conditions-dutilisation-et-de-livraison","status":"publish","type":"page","link":"https:\/\/nexgat.com\/?page_id=247","title":{"rendered":"Conditions d&rsquo;utilisation et de livraison"},"content":{"rendered":"<p>[et_pb_section fb_built=\u00a0\u00bb1&Prime; _builder_version=\u00a0\u00bb4.27.4&Prime; _module_preset=\u00a0\u00bbdefault\u00a0\u00bb background_color=\u00a0\u00bbgcid-1bcf785a-50e1-437b-b09f-65567babc1de\u00a0\u00bb global_colors_info=\u00a0\u00bb{%22gcid-1bcf785a-50e1-437b-b09f-65567babc1de%22:%91%22background_color%22%93}\u00a0\u00bb][et_pb_row _builder_version=\u00a0\u00bb4.27.4&Prime; _module_preset=\u00a0\u00bbdefault\u00a0\u00bb custom_padding=\u00a0\u00bb98px|||||\u00a0\u00bb global_colors_info=\u00a0\u00bb{}\u00a0\u00bb][et_pb_column type=\u00a0\u00bb4_4&Prime; _builder_version=\u00a0\u00bb4.27.4&Prime; _module_preset=\u00a0\u00bbdefault\u00a0\u00bb global_colors_info=\u00a0\u00bb{}\u00a0\u00bb][et_pb_text _builder_version=\u00a0\u00bb4.27.5&Prime; _module_preset=\u00a0\u00bbdefault\u00a0\u00bb text_text_color=\u00a0\u00bb#FFFFFF\u00a0\u00bb global_colors_info=\u00a0\u00bb{}\u00a0\u00bb]<\/p>\n<h1><span style=\"color: #edf000;\"><b>Co\u00fbts requis<\/b><\/span><\/h1>\n<h1><span style=\"color: #edf000;\"><b><\/b><\/span><\/h1>\n<p><span style=\"text-decoration: underline; color: #ff6600;\"><b>PROCESSUS DE PAIEMENT ET CONFIRMATION DE R\u00c9SERVATION<\/b><\/span><\/p>\n<p><span style=\"font-weight: 400;\">La <\/span><b>r\u00e9servation est confirm\u00e9e<\/b><span style=\"font-weight: 400;\"> uniquement lorsque les <\/span><b>\u00e9tapes suivantes sont compl\u00e9t\u00e9es<\/b><span style=\"font-weight: 400;\">:<\/span><\/p>\n<ol>\n<li style=\"font-weight: 400;\" aria-level=\"1\"><b>Paiement du d\u00e9p\u00f4t de livraison de 50$<\/b><span style=\"font-weight: 400;\"> effectu\u00e9 via le site web. (<strong><em>d\u00e9duit du prix total de la location<\/em><\/strong>)<\/span><\/li>\n<li style=\"font-weight: 400;\" aria-level=\"1\"><b>Signature du contrat<\/b><span style=\"font-weight: 400;\"> transmis par courriel.<\/span><\/li>\n<li style=\"font-weight: 400;\" aria-level=\"1\"><b>Paiement du solde<\/b><span style=\"font-weight: 400;\"> + <strong>d\u00e9p\u00f4t de garantie de 200$<\/strong> de la location via le lien de paiement envoy\u00e9 par courriel.<\/span><\/li>\n<\/ol>\n<p><span style=\"font-weight: 400;\">Le <\/span><b>solde total<\/b><span style=\"font-weight: 400;\"> doit \u00eatre pay\u00e9 <\/span><b>dans les 14 jours suivant le paiement du d\u00e9p\u00f4t de r\u00e9servation via le lien de paiement<\/b><span style=\"font-weight: 400;\">, ou <\/span><b>au plus tard le jour de la prestation<\/b><span style=\"font-weight: 400;\">, selon l\u2019entente \u00e9crite accept\u00e9e par Nexgat.<\/span><\/p>\n<p><span style=\"font-weight: 400;\">\u00c0 d\u00e9faut de paiement dans les d\u00e9lais, Nexgat se r\u00e9serve le droit d\u2019annuler la r\u00e9servation.<\/span><span style=\"font-weight: 400;\"><\/span><\/p>\n<p><span style=\"font-weight: 400;\"><\/span><\/p>\n<p><span style=\"font-weight: 400;\"><\/span><\/p>\n<h2><span style=\"color: #edf000;\"><b>Conditions de livraison<\/b><\/span><\/h2>\n<h2><span style=\"font-weight: 400;\"><\/span><\/h2>\n<p><span style=\"text-decoration: underline; color: #c95300;\"><b>PR\u00c9SENCE ET ESPACE REQUIS<\/b><\/span><\/p>\n<p><span style=\"font-weight: 400;\">Un <\/span><b>adulte responsable<\/b><span style=\"font-weight: 400;\"> doit \u00eatre pr\u00e9sent lors de la livraison et du ramassage.<\/span><\/p>\n<p><span style=\"font-weight: 400;\">Vous devez<\/span><b>\u00a0fournir<\/b><span style=\"font-weight: 400;\"> un espace s\u00e9curitaire, propre et stable d\u2019au moins <\/span><b>2 m\u00b2<\/b><span style=\"font-weight: 400;\"> avec un d\u00e9gagement vertical minimal de <\/span><b>2 m\u00e8tres<\/b><span style=\"font-weight: 400;\">.<\/span><\/p>\n<p><span style=\"font-weight: 400;\">Une connexion <\/span><b>Wi-Fi stable<\/b><span style=\"font-weight: 400;\"> est fortement<\/span><b> recommand\u00e9e<\/b><span style=\"font-weight: 400;\">.<\/span><\/p>\n<h3><b><\/b><\/h3>\n<p><b><\/b><\/p>\n<h1><span style=\"color: #edf000;\"><b>Lieu de livraison<\/b><\/span><\/h1>\n<p><b><\/b><\/p>\n<p><span style=\"font-weight: 400;\">Le lieu de livraison devrait <\/span><b>en tout temps \u00eatre:<\/b><\/p>\n<ul>\n<li style=\"font-weight: 400;\" aria-level=\"1\"><span style=\"font-weight: 400;\">Facilement accessible<\/span><\/li>\n<li style=\"font-weight: 400;\" aria-level=\"1\"><b>D\u00e9gag\u00e9 et s\u00e9curitaire<\/b><span style=\"font-weight: 400;\"> (ex. : d\u00e9neig\u00e9, d\u00e9glac\u00e9, plancher solide)<\/span><\/li>\n<li style=\"font-weight: 400;\" aria-level=\"1\"><span style=\"font-weight: 400;\">Adapt\u00e9 \u00e0 l\u2019installation du mat\u00e9riel<\/span><\/li>\n<\/ul>\n<p><span style=\"font-weight: 400;\">L&rsquo;\u00e9quipe charg\u00e9 de la livraion et du ramassage peut <\/span><b>refus\u00e9e<\/b> d&rsquo;effectu\u00e9 le service et ce <b>sans remboursement<\/b><span style=\"font-weight: 400;\">, et\/ou un deuxi\u00e8me passage sera <\/span><b>factur\u00e9<\/b><span style=\"font-weight: 400;\">.<\/span><span style=\"font-weight: 400;\"><\/span><\/p>\n<p><span style=\"font-weight: 400;\"><\/span><\/p>\n<p><span style=\"font-weight: 400;\"><\/span><\/p>\n<p><span style=\"font-weight: 400;\"><\/span><\/p>\n<h1><span style=\"color: #edf000;\"><b><span style=\"color: #e00b00;\">*!*<\/span> Sant\u00e9 et s\u00e9curit\u00e9 <span style=\"color: #e00b00;\">*!*<\/span><\/b><\/span><\/h1>\n<p><b><\/b><\/p>\n<p><span style=\"text-decoration: underline; color: #c95300;\"><b>R\u00c8GLES D\u2019UTILISATION<\/b><\/span><\/p>\n<p><span style=\"font-weight: 400;\">&#8211; <\/span><b>Une<\/b> <b>seule personne \u00e0 la fois<\/b><span style=\"font-weight: 400;\"> est autoris\u00e9 \u00e0 utiliser l&rsquo;\u00e9quipement<\/span><\/p>\n<p><span style=\"font-weight: 400;\">&#8211; Ne <\/span><b>jamais pousser<\/b><span style=\"font-weight: 400;\">, <\/span><b>d\u00e9placer<\/b><span style=\"font-weight: 400;\"> ou <\/span><b>d\u00e9monter<\/b><span style=\"font-weight: 400;\"> la station.<\/span><\/p>\n<p><span>&#8211; Toujours\u00a0<b>attacher les dragonnes<\/b>\u00a0autour des poignets<\/span><\/p>\n<p><span style=\"font-weight: 400;\">&#8211; Suivez les instructions fournies par l\u2019\u00e9quipe Divertissement Nexgat et du guide d\u2019utilisation fournis.<\/span><\/p>\n<p><b><\/b><\/p>\n<p><span style=\"text-decoration: underline; color: #c95300;\"><b>INTERDICTIONS ABSOLUES<\/b><\/span><\/p>\n<p><span style=\"font-weight: 400;\">L\u2019utilisation du mat\u00e9riel est strictement interdite si vous \u00eates:<\/span><\/p>\n<ul>\n<li style=\"font-weight: 400;\" aria-level=\"1\"><b>Sous l\u2019effet de l\u2019alcool<\/b><span style=\"font-weight: 400;\"> ou de <\/span><b>drogues<\/b><\/li>\n<li style=\"font-weight: 400;\" aria-level=\"1\"><b>Enceinte<\/b><\/li>\n<li style=\"font-weight: 400;\" aria-level=\"1\"><span style=\"font-weight: 400;\">\u00c2g\u00e9(e) de <\/span><b>moins de 14 ans<\/b><\/li>\n<\/ul>\n<p><span style=\"font-weight: 400;\">Ou si vous pr\u00e9sentez des conditions physiques ou m\u00e9dicales suivantes:<\/span><\/p>\n<ul>\n<li aria-level=\"1\"><b>Troubles cardiaques ou probl\u00e8mes d\u2019\u00e9quilibre<\/b><\/li>\n<\/ul>\n<ul>\n<li aria-level=\"1\"><b>R\u00e9cup\u00e9ration r\u00e9cente d\u2019une chirurgie majeure<\/b><\/li>\n<\/ul>\n<ul>\n<li aria-level=\"1\"><b>Incapacit\u00e9 \u00e0 pratiquer une activit\u00e9 physique mod\u00e9r\u00e9e \u00e0 intense<\/b><\/li>\n<\/ul>\n<ul>\n<li aria-level=\"1\"><b>Personnes \u00e2g\u00e9es ou infirmes sans surveillance<\/b><\/li>\n<\/ul>\n<p><span style=\"font-weight: 400;\">Ou encore si vous pr\u00e9sentez des troubles mentaux ou conditions m\u00e9dicales incompatibles avec la r\u00e9alit\u00e9 virtuelle:<\/span><\/p>\n<ul>\n<li aria-level=\"1\"><b>Claustrophobie<\/b><\/li>\n<\/ul>\n<ul>\n<li aria-level=\"1\"><b>\u00c9pilepsie<\/b><\/li>\n<\/ul>\n<ul>\n<li aria-level=\"1\"><b>Autre condition m\u00e9dicale incompatible avec l\u2019usage de la r\u00e9alit\u00e9 virtuelle<\/b><\/li>\n<\/ul>\n<p><b><\/b><br \/><b><\/b><\/p>\n<p><span style=\"text-decoration: underline; color: #c95300;\"><b>RECOMMANDATION DURANT L\u2019UTILISATION<\/b><\/span><\/p>\n<p><span style=\"font-weight: 400;\">Si vous ressentez des<\/span><b> douleurs, engourdissements, picotements, \u00e9tourdissements ou toute autre sensation d\u00e9sagr\u00e9able, arr\u00eatez IMM\u00c9DIATEMENT l\u2019activit\u00e9.<\/b><\/p>\n<p><span style=\"font-weight: 400;\">Faites des pauses toutes les <\/span><b>20 \u00e0 30 minutes<\/b><span style=\"font-weight: 400;\"> et <\/span><b>hydratez-vous<\/b><span style=\"font-weight: 400;\">.<\/span><\/p>\n<p><b><\/b><\/p>\n<p><span style=\"text-decoration: underline; color: #c95300;\"><b>RESPONSABILIT\u00c9<\/b><\/span><\/p>\n<p><span style=\"font-weight: 400;\">Divertissement NexGat et ses employ\u00e9s <\/span><b>ne sont pas responsables<\/b><span style=\"font-weight: 400;\"> des cons\u00e9quences li\u00e9es au non-respect de ces r\u00e8gles.<\/span><\/p>\n<p><span style=\"font-weight: 400;\">Tout <\/span><b>dommage au mat\u00e9riel, nettoyage suppl\u00e9mentaire ou frais de remplacement<\/b><span style=\"font-weight: 400;\"> pourra \u00eatre factur\u00e9 au client.<\/span><\/p>\n<p>&nbsp;<\/p>\n<h1><span style=\"color: #edf000;\"><b>Vos obligations<\/b><\/span><\/h1>\n<p><span style=\"text-decoration: underline; color: #c95300;\"><b>USAGE DU MAT\u00c9RIEL<\/b><\/span><\/p>\n<p><span>\u00c9vitez tout liquide \u00e0 proximit\u00e9 des \u00e9quipements.<\/span><\/p>\n<p><span style=\"font-weight: 400;\">Le mat\u00e9riel ne doit <\/span><b>jamais \u00eatre modifi\u00e9, d\u00e9plac\u00e9 ou d\u00e9mont\u00e9<\/b><span style=\"font-weight: 400;\">. Le PC ainsi que ses fichiers <\/span><b>ne doivent pas \u00eatre alt\u00e9r\u00e9s<\/b><span style=\"font-weight: 400;\">.<\/span><\/p>\n<p><span style=\"font-weight: 400;\">L\u2019utilisation de l\u2019\u00e9quipement est limit\u00e9e aux <\/span><b>jeux pr\u00e9install\u00e9s sur le PC<\/b><\/p>\n<p><b>Toute autre utilisation est interdite<\/b><span style=\"font-weight: 400;\">, notamment:<\/span><\/p>\n<ul>\n<li style=\"font-weight: 400;\" aria-level=\"1\"><span style=\"font-weight: 400;\">Navigation sur Internet<\/span><\/li>\n<li style=\"font-weight: 400;\" aria-level=\"1\"><span style=\"font-weight: 400;\">Connexion \u00e0 un compte personnel (peu importe le compte)<\/span><\/li>\n<li style=\"font-weight: 400;\" aria-level=\"1\"><span style=\"font-weight: 400;\">Ajout de jeux ou achat de contenus suppl\u00e9mentaires<\/span><\/li>\n<\/ul>\n<p><b><\/b><\/p>\n<p><span style=\"text-decoration: underline; color: #c95300;\"><b>SURVEILLANCE ET RESPONSABILIT\u00c9<\/b><\/span><\/p>\n<p><span style=\"font-weight: 400;\">Une <\/span><b>personne responsable<\/b><span style=\"font-weight: 400;\"> doit surveiller les utilisateurs en tout temps.<\/span><\/p>\n<p><span style=\"font-weight: 400;\">Le mat\u00e9riel <\/span><b>ne peut \u00eatre pr\u00eat\u00e9 ni sous-lou\u00e9<\/b><span style=\"font-weight: 400;\"> \u00e0 une autre personne.<\/span><\/p>\n<p><span style=\"font-weight: 400;\">Le client doit pr\u00e9senter une <\/span><b>pi\u00e8ce d\u2019identit\u00e9 valide<\/b><span style=\"font-weight: 400;\"> au moment de la livraison.<\/span><\/p>\n<p><span style=\"font-weight: 400;\">Divertissement NexGat se r\u00e9serve le droit de <\/span><b>prendre une photo de la pi\u00e8ce d\u2019identit\u00e9<\/b><span style=\"font-weight: 400;\">, qui sera <\/span><b>supprim\u00e9e apr\u00e8s le retour du mat\u00e9riel<\/b><span style=\"font-weight: 400;\">.<\/span><\/p>\n<p><b><\/b><\/p>\n<p><span style=\"text-decoration: underline; color: #c95300;\"><b>PERTE, VOL OU DOMMAGES<\/b><\/span><\/p>\n<p><span style=\"font-weight: 400;\">Le client assume <\/span><b>la pleine responsabilit\u00e9<\/b><span style=\"font-weight: 400;\"> en cas de <\/span><b>perte, vol ou dommage<\/b><span style=\"font-weight: 400;\"> au mat\u00e9riel<\/span><span style=\"font-size: 14px;\">.<\/span><\/p>\n<p>&nbsp;<\/p>\n<p>[\/et_pb_text][\/et_pb_column][\/et_pb_row][\/et_pb_section]<\/p>\n","protected":false},"excerpt":{"rendered":"<p>Co\u00fbts requis PROCESSUS DE PAIEMENT ET CONFIRMATION DE R\u00c9SERVATION La r\u00e9servation est confirm\u00e9e uniquement lorsque les \u00e9tapes suivantes sont compl\u00e9t\u00e9es: Paiement du d\u00e9p\u00f4t de livraison de 50$ effectu\u00e9 via le site web. (d\u00e9duit du prix total de la location) Signature du contrat transmis par courriel. Paiement du solde + d\u00e9p\u00f4t de garantie de 200$ de [&hellip;]<\/p>\n","protected":false},"author":1,"featured_media":0,"parent":0,"menu_order":0,"comment_status":"closed","ping_status":"closed","template":"","meta":{"_et_pb_use_builder":"on","_et_pb_old_content":"","_et_gb_content_width":"","footnotes":""},"class_list":["post-247","page","type-page","status-publish","hentry"],"_links":{"self":[{"href":"https:\/\/nexgat.com\/index.php?rest_route=\/wp\/v2\/pages\/247","targetHints":{"allow":["GET"]}}],"collection":[{"href":"https:\/\/nexgat.com\/index.php?rest_route=\/wp\/v2\/pages"}],"about":[{"href":"https:\/\/nexgat.com\/index.php?rest_route=\/wp\/v2\/types\/page"}],"author":[{"embeddable":true,"href":"https:\/\/nexgat.com\/index.php?rest_route=\/wp\/v2\/users\/1"}],"replies":[{"embeddable":true,"href":"https:\/\/nexgat.com\/index.php?rest_route=%2Fwp%2Fv2%2Fcomments&post=247"}],"version-history":[{"count":16,"href":"https:\/\/nexgat.com\/index.php?rest_route=\/wp\/v2\/pages\/247\/revisions"}],"predecessor-version":[{"id":978,"href":"https:\/\/nexgat.com\/index.php?rest_route=\/wp\/v2\/pages\/247\/revisions\/978"}],"wp:attachment":[{"href":"https:\/\/nexgat.com\/index.php?rest_route=%2Fwp%2Fv2%2Fmedia&parent=247"}],"curies":[{"name":"wp","href":"https:\/\/api.w.org\/{rel}","templated":true}]}}