{"id":222,"date":"2025-09-16T21:43:33","date_gmt":"2025-09-16T21:43:33","guid":{"rendered":"https:\/\/nexgat.com\/?page_id=222"},"modified":"2026-05-14T00:13:13","modified_gmt":"2026-05-14T00:13:13","slug":"tarifs","status":"publish","type":"page","link":"https:\/\/nexgat.com\/?page_id=222","title":{"rendered":"Tarifs"},"content":{"rendered":"<p>[et_pb_section fb_built=\u00a0\u00bb1&Prime; _builder_version=\u00a0\u00bb4.27.5&Prime; _module_preset=\u00a0\u00bbdefault\u00a0\u00bb background_color=\u00a0\u00bbgcid-1bcf785a-50e1-437b-b09f-65567babc1de\u00a0\u00bb custom_margin_tablet=\u00a0\u00bb\u00a0\u00bb custom_margin_phone=\u00a0\u00bb\u00a0\u00bb custom_margin_last_edited=\u00a0\u00bbon|phone\u00a0\u00bb custom_padding=\u00a0\u00bb|7px|0px|||\u00a0\u00bb background_last_edited=\u00a0\u00bbon|phone\u00a0\u00bb global_colors_info=\u00a0\u00bb{%22gcid-1bcf785a-50e1-437b-b09f-65567babc1de%22:%91%22background_color%22%93}\u00a0\u00bb][et_pb_row _builder_version=\u00a0\u00bb4.27.6&Prime; _module_preset=\u00a0\u00bbdefault\u00a0\u00bb global_colors_info=\u00a0\u00bb{}\u00a0\u00bb][et_pb_column type=\u00a0\u00bb4_4&Prime; _builder_version=\u00a0\u00bb4.27.6&Prime; _module_preset=\u00a0\u00bbdefault\u00a0\u00bb global_colors_info=\u00a0\u00bb{}\u00a0\u00bb][et_pb_accordion open_toggle_text_color=\u00a0\u00bb#FFFFFF\u00a0\u00bb open_toggle_background_color=\u00a0\u00bbRGBA(255,255,255,0)\u00a0\u00bb closed_toggle_background_color=\u00a0\u00bbRGBA(255,255,255,0)\u00a0\u00bb _builder_version=\u00a0\u00bb4.27.6&Prime; _module_preset=\u00a0\u00bbdefault\u00a0\u00bb toggle_text_color=\u00a0\u00bb#FFFFFF\u00a0\u00bb toggle_level=\u00a0\u00bbh4&Prime; toggle_font=\u00a0\u00bb|700|||||||\u00a0\u00bb body_text_color=\u00a0\u00bb#FFFFFF\u00a0\u00bb background_color=\u00a0\u00bbRGBA(255,255,255,0)\u00a0\u00bb global_colors_info=\u00a0\u00bb{}\u00a0\u00bb][et_pb_accordion_item title=\u00a0\u00bbD\u00e9p\u00f4t de garantie\u00a0\u00bb open=\u00a0\u00bbon\u00a0\u00bb _builder_version=\u00a0\u00bb4.27.6&Prime; _module_preset=\u00a0\u00bbdefault\u00a0\u00bb global_colors_info=\u00a0\u00bb{}\u00a0\u00bb]<\/p>\n<p>Un <strong>d\u00e9p\u00f4t de garantie de 200$<\/strong> est exig\u00e9 afin de couvrir tout dommage. Ce d\u00e9p\u00f4t est <strong>totalement<\/strong> <strong>remboursable<\/strong> dans un d\u00e9lai de 4 jours suivant la r\u00e9cup\u00e9ration.<\/p>\n<p>[\/et_pb_accordion_item][\/et_pb_accordion][\/et_pb_column][\/et_pb_row][et_pb_row column_structure=\u00a0\u00bb1_2,1_2&Prime; _builder_version=\u00a0\u00bb4.27.6&Prime; _module_preset=\u00a0\u00bbdefault\u00a0\u00bb border_color_right=\u00a0\u00bb#000000&Prime; border_style_right=\u00a0\u00bbnone\u00a0\u00bb global_colors_info=\u00a0\u00bb{}\u00a0\u00bb][et_pb_column type=\u00a0\u00bb1_2&Prime; _builder_version=\u00a0\u00bb4.27.6&Prime; _module_preset=\u00a0\u00bbdefault\u00a0\u00bb border_width_all=\u00a0\u00bb1px\u00a0\u00bb border_color_all=\u00a0\u00bb#FFFFFF\u00a0\u00bb global_colors_info=\u00a0\u00bb{}\u00a0\u00bb][et_pb_text _builder_version=\u00a0\u00bb4.27.6&Prime; _module_preset=\u00a0\u00bbdefault\u00a0\u00bb global_colors_info=\u00a0\u00bb{}\u00a0\u00bb]<\/p>\n<p style=\"text-align: center;\">\n<p style=\"text-align: center;\">\n<h2 style=\"text-align: center;\">\u00a0<strong><span style=\"color: #e01d00;\">Station VR Mobile<\/span><\/strong><\/h2>\n<p style=\"text-align: center;\"><span style=\"color: #e01d00;\">Exp\u00e9rience Standard<\/span><\/p>\n<p>[\/et_pb_text][et_pb_image src=\u00a0\u00bbhttps:\/\/nexgat.com\/wp-content\/uploads\/2026\/05\/Carte-daffaire-1.png\u00a0\u00bb _builder_version=\u00a0\u00bb4.27.6&Prime; _module_preset=\u00a0\u00bbdefault\u00a0\u00bb hover_enabled=\u00a0\u00bb0&Prime; global_colors_info=\u00a0\u00bb{}\u00a0\u00bb title_text=\u00a0\u00bbCarte d&rsquo;affaire (1)\u00a0\u00bb sticky_enabled=\u00a0\u00bb0&Prime;][\/et_pb_image][et_pb_text _builder_version=\u00a0\u00bb4.27.6&Prime; _module_preset=\u00a0\u00bbdefault\u00a0\u00bb min_height=\u00a0\u00bb155.6px\u00a0\u00bb global_colors_info=\u00a0\u00bb{}\u00a0\u00bb]<\/p>\n<h5 style=\"text-align: center;\"><span style=\"color: #ffffff;\">Minimum 5h &#8211; <span style=\"color: #00ff00;\"><strong>95$<\/strong><\/span><\/span><\/h5>\n<h5 style=\"text-align: center;\"><span style=\"color: #ffffff;\">Une journ\u00e9e &#8211; <span style=\"color: #00ff00;\"><strong>115$<\/strong><\/span><\/span><\/h5>\n<h5 style=\"text-align: center;\"><span style=\"color: #ffffff;\">Un week-end &#8211; <span style=\"color: #00ff00;\"><strong>175$<\/strong><\/span><\/span><\/h5>\n<h5 style=\"text-align: center;\"><span style=\"color: #ffffff;\">Une semaine &#8211; <span style=\"color: #00ff00;\"><strong>350$<\/strong><\/span><\/span><\/h5>\n<h5 style=\"text-align: center;\"><\/h5>\n<p style=\"text-align: center;\"><strong><span style=\"font-size: 16px; color: #e01d00;\">INCLUS:<\/span><\/strong><strong><span style=\"font-size: 16px; color: #e01d00;\"><\/span><\/strong><\/p>\n<h6 style=\"text-align: center;\"><span style=\"font-size: 16px;\"><\/span><span style=\"color: #ffffff;\">Casque VR<span style=\"font-size: 16px;\"><\/span><\/span><\/h6>\n<h6 style=\"text-align: center;\"><span style=\"color: #ffffff;\">PC Gaming<\/span><\/h6>\n<p>[\/et_pb_text][et_pb_button button_url=\u00a0\u00bbhttps:\/\/nexgat.com\/?page_id=911&#038;et_fb=1&#038;PageSpeed=off\u00a0\u00bb button_text=\u00a0\u00bbR\u00e9servez\u00a0\u00bb button_alignment=\u00a0\u00bbcenter\u00a0\u00bb _builder_version=\u00a0\u00bb4.27.6&Prime; _module_preset=\u00a0\u00bbdefault\u00a0\u00bb custom_button=\u00a0\u00bbon\u00a0\u00bb button_text_color=\u00a0\u00bbgcid-39bb5ebd-8d97-4670-a45a-b1ffd711f3fc\u00a0\u00bb button_border_color=\u00a0\u00bbgcid-39bb5ebd-8d97-4670-a45a-b1ffd711f3fc\u00a0\u00bb button_font=\u00a0\u00bb|700||on|||||\u00a0\u00bb position_origin_f=\u00a0\u00bbtop_center\u00a0\u00bb z_index=\u00a0\u00bb109&Prime; global_colors_info=\u00a0\u00bb{%22gcid-39bb5ebd-8d97-4670-a45a-b1ffd711f3fc%22:%91%22button_text_color%22,%22button_border_color%22%93}\u00a0\u00bb][\/et_pb_button][et_pb_text _builder_version=\u00a0\u00bb4.27.6&Prime; _module_preset=\u00a0\u00bbdefault\u00a0\u00bb global_colors_info=\u00a0\u00bb{}\u00a0\u00bb][\/et_pb_text][\/et_pb_column][et_pb_column type=\u00a0\u00bb1_2&Prime; _builder_version=\u00a0\u00bb4.27.6&Prime; _module_preset=\u00a0\u00bbdefault\u00a0\u00bb border_width_all=\u00a0\u00bb1px\u00a0\u00bb border_color_all=\u00a0\u00bb#FFFFFF\u00a0\u00bb global_colors_info=\u00a0\u00bb{}\u00a0\u00bb][et_pb_text _builder_version=\u00a0\u00bb4.27.6&Prime; _module_preset=\u00a0\u00bbdefault\u00a0\u00bb global_colors_info=\u00a0\u00bb{}\u00a0\u00bb]<\/p>\n<p style=\"text-align: center;\">\n<p style=\"text-align: center;\">\n<h2 style=\"text-align: center;\"><strong><span style=\"color: #e01d00;\">Plateforme KATVR<\/span><\/strong><\/h2>\n<p style=\"text-align: center;\"><span style=\"color: #e01d00;\">Exp\u00e9rience Immersive<\/span><\/p>\n<p>[\/et_pb_text][et_pb_image src=\u00a0\u00bbhttps:\/\/nexgat.com\/wp-content\/uploads\/2026\/05\/Carte-daffaire.png\u00a0\u00bb _builder_version=\u00a0\u00bb4.27.6&Prime; _module_preset=\u00a0\u00bbdefault\u00a0\u00bb hover_enabled=\u00a0\u00bb0&Prime; global_colors_info=\u00a0\u00bb{}\u00a0\u00bb title_text=\u00a0\u00bbCarte d&rsquo;affaire\u00a0\u00bb sticky_enabled=\u00a0\u00bb0&Prime;][\/et_pb_image][et_pb_text _builder_version=\u00a0\u00bb4.27.6&Prime; _module_preset=\u00a0\u00bbdefault\u00a0\u00bb global_colors_info=\u00a0\u00bb{}\u00a0\u00bb]<\/p>\n<h5 style=\"text-align: center;\"><span style=\"color: #ffffff;\">Minimum 5h &#8211; <span style=\"color: #00ff00;\"><strong>190$<\/strong><\/span><\/span><\/h5>\n<h5 style=\"text-align: center;\"><span style=\"color: #ffffff;\">Une journ\u00e9e &#8211; <span style=\"color: #00ff00;\"><strong>250$<\/strong><\/span><\/span><\/h5>\n<h5 style=\"text-align: center;\"><span style=\"color: #ffffff;\">Un week-end &#8211; <span style=\"color: #00ff00;\"><strong>315$<\/strong><\/span><\/span><\/h5>\n<h5 style=\"text-align: center;\"><span style=\"color: #ffffff;\">Une semaine &#8211; <span style=\"color: #00ff00;\"><strong>700$<\/strong><\/span><\/span><\/h5>\n<h5 style=\"text-align: center;\"><\/h5>\n<p style=\"text-align: center;\"><strong><span style=\"font-size: 16px; color: #e01d00;\">INCLUS:<\/span><\/strong><strong><span style=\"font-size: 16px; color: #e01d00;\"><\/span><\/strong><\/p>\n<h6 style=\"text-align: center;\"><span style=\"font-size: 16px;\"><\/span><span style=\"color: #ffffff;\">Casque VR<span style=\"font-size: 16px;\"><\/span><\/span><\/h6>\n<h6 style=\"text-align: center;\"><span style=\"color: #ffffff;\">PC Gaming<\/span><\/h6>\n<h6 style=\"text-align: center;\"><span style=\"color: #ffffff;\">Plateforme KatVR<\/span><\/h6>\n<h6 style=\"text-align: center;\"><span style=\"color: #ffffff;\">2 Fusils de jeux<\/span><\/h6>\n<p>[\/et_pb_text][et_pb_button button_url=\u00a0\u00bbhttps:\/\/nexgat.com\/?page_id=911&#038;et_fb=1&#038;PageSpeed=off\u00a0\u00bb button_text=\u00a0\u00bbR\u00e9servez\u00a0\u00bb button_alignment=\u00a0\u00bbcenter\u00a0\u00bb _builder_version=\u00a0\u00bb4.27.6&Prime; _module_preset=\u00a0\u00bbdefault\u00a0\u00bb custom_button=\u00a0\u00bbon\u00a0\u00bb button_text_color=\u00a0\u00bbgcid-39bb5ebd-8d97-4670-a45a-b1ffd711f3fc\u00a0\u00bb button_border_color=\u00a0\u00bbgcid-39bb5ebd-8d97-4670-a45a-b1ffd711f3fc\u00a0\u00bb button_font=\u00a0\u00bb|700||on|||||\u00a0\u00bb position_origin_f=\u00a0\u00bbtop_center\u00a0\u00bb z_index=\u00a0\u00bb109&Prime; locked=\u00a0\u00bboff\u00a0\u00bb global_colors_info=\u00a0\u00bb{%22gcid-39bb5ebd-8d97-4670-a45a-b1ffd711f3fc%22:%91%22button_text_color%22,%22button_border_color%22%93}\u00a0\u00bb][\/et_pb_button][et_pb_text _builder_version=\u00a0\u00bb4.27.6&Prime; _module_preset=\u00a0\u00bbdefault\u00a0\u00bb global_colors_info=\u00a0\u00bb{}\u00a0\u00bb][\/et_pb_text][\/et_pb_column][\/et_pb_row][et_pb_row _builder_version=\u00a0\u00bb4.27.6&Prime; _module_preset=\u00a0\u00bbdefault\u00a0\u00bb global_colors_info=\u00a0\u00bb{}\u00a0\u00bb][et_pb_column type=\u00a0\u00bb4_4&Prime; _builder_version=\u00a0\u00bb4.27.6&Prime; _module_preset=\u00a0\u00bbdefault\u00a0\u00bb global_colors_info=\u00a0\u00bb{}\u00a0\u00bb][et_pb_text _builder_version=\u00a0\u00bb4.27.6&Prime; _module_preset=\u00a0\u00bbdefault\u00a0\u00bb global_colors_info=\u00a0\u00bb{}\u00a0\u00bb]<\/p>\n<p><span style=\"color: #ffffff;\"><span style=\"color: #ff00ff;\"><span style=\"color: #00ffff;\"><span style=\"color: #ccffff;\"><em><span style=\"color: rgba(109, 255, 255, 0.31);\">Les <span style=\"color: rgba(200, 249, 107, 0.31);\"><strong>taxes sont incluses<\/strong><\/span> dans tous nos prix et des <span style=\"color: rgba(200, 249, 107, 0.31);\"><strong>frais de d\u00e9placement<\/strong><\/span> peuvent s&rsquo;appliquer. Voir les<strong> <span style=\"text-decoration: underline;\"><a href=\"https:\/\/nexgat.com\/?page_id=247\" target=\"_blank\" rel=\"noopener\" style=\"color: rgba(109, 255, 255, 0.31); text-decoration: underline;\">conditions de livraison.<\/a><\/span><\/strong><\/span><\/em><\/span><\/span><\/span><\/span><\/p>\n<p>[\/et_pb_text][et_pb_text _builder_version=\u00a0\u00bb4.27.6&Prime; _module_preset=\u00a0\u00bbdefault\u00a0\u00bb global_colors_info=\u00a0\u00bb{}\u00a0\u00bb]<\/p>\n<p><span style=\"color: #ff6600;\"><strong>Livraison<\/strong><\/span><\/p>\n<ul>\n<li><span style=\"color: #ffffff;\">En avant midi (8h et 10h)<\/span><\/li>\n<li><span style=\"color: #ffffff;\">En apr\u00e8s midi (13h \u00e0 15h)<\/span><\/li>\n<\/ul>\n<p><span style=\"color: #ff6600;\"><strong>R\u00e9cup\u00e9ration<\/strong><strong><\/strong><\/span><\/p>\n<p><span style=\"color: #ffffff;\">La r\u00e9cup\u00e9ration a lieu le lendemain de la fin de la location, dans le m\u00eame cr\u00e9neau horaire choisi.<\/span><\/p>\n<p><span style=\"color: #ffffff;\">Les locations courte dur\u00e9e sont r\u00e9cup\u00e9r\u00e9es le jour m\u00eame.<\/span><\/p>\n<p>[\/et_pb_text][\/et_pb_column][\/et_pb_row][\/et_pb_section]<\/p>\n","protected":false},"excerpt":{"rendered":"<p>Un d\u00e9p\u00f4t de garantie de 200$ est exig\u00e9 afin de couvrir tout dommage. Ce d\u00e9p\u00f4t est totalement remboursable dans un d\u00e9lai de 4 jours suivant la r\u00e9cup\u00e9ration. \u00a0Station VR Mobile Exp\u00e9rience StandardMinimum 5h &#8211; 95$ Une journ\u00e9e &#8211; 115$ Un week-end &#8211; 175$ Une semaine &#8211; 350$ INCLUS: Casque VR PC Gaming Plateforme KATVR Exp\u00e9rience [&hellip;]<\/p>\n","protected":false},"author":1,"featured_media":0,"parent":0,"menu_order":0,"comment_status":"closed","ping_status":"closed","template":"","meta":{"_et_pb_use_builder":"on","_et_pb_old_content":"","_et_gb_content_width":"","footnotes":""},"class_list":["post-222","page","type-page","status-publish","hentry"],"_links":{"self":[{"href":"https:\/\/nexgat.com\/index.php?rest_route=\/wp\/v2\/pages\/222","targetHints":{"allow":["GET"]}}],"collection":[{"href":"https:\/\/nexgat.com\/index.php?rest_route=\/wp\/v2\/pages"}],"about":[{"href":"https:\/\/nexgat.com\/index.php?rest_route=\/wp\/v2\/types\/page"}],"author":[{"embeddable":true,"href":"https:\/\/nexgat.com\/index.php?rest_route=\/wp\/v2\/users\/1"}],"replies":[{"embeddable":true,"href":"https:\/\/nexgat.com\/index.php?rest_route=%2Fwp%2Fv2%2Fcomments&post=222"}],"version-history":[{"count":84,"href":"https:\/\/nexgat.com\/index.php?rest_route=\/wp\/v2\/pages\/222\/revisions"}],"predecessor-version":[{"id":1034,"href":"https:\/\/nexgat.com\/index.php?rest_route=\/wp\/v2\/pages\/222\/revisions\/1034"}],"wp:attachment":[{"href":"https:\/\/nexgat.com\/index.php?rest_route=%2Fwp%2Fv2%2Fmedia&parent=222"}],"curies":[{"name":"wp","href":"https:\/\/api.w.org\/{rel}","templated":true}]}}